{"id":40,"date":"2011-10-21T15:32:15","date_gmt":"2011-10-21T15:32:15","guid":{"rendered":"http:\/\/adrenalinekey.se\/?page_id=40"},"modified":"2018-06-19T09:04:57","modified_gmt":"2018-06-19T09:04:57","slug":"kontakt","status":"publish","type":"page","link":"https:\/\/adrenalinekey.se\/en\/kontakt\/","title":{"rendered":"Kontakt"},"content":{"rendered":"<p><\/p>\n<div class=\"divleftW\"><strong>Telefon:<\/strong><br \/>\n0708-40 29 26<\/p>\n<p><strong>Bes\u00f6ksadress:<\/strong><br \/>\nAdrenaline Key AB<br \/>\nCylinderv\u00e4gen 12, 7tr<br \/>\nNacka Strand<\/p>\n<\/div>\n<div class=\"divleftW\"><strong>e-postadress:<\/strong><br \/>\n<a href=\"mailto:lena@adrenalinekey.se\">lena@adrenalinekey.se<\/a><\/div>\n<div class=\"divleftW\"><strong>Telephone:<\/strong><br \/>\n+46 708 40 29 26<\/p>\n<p><strong>Visiting address:<\/strong><br \/>\nAdrenaline Key AB<br \/>\nCylinderv\u00e4gen 12, 7tr<br \/>\nNacka Strand<\/p>\n<\/div>\n<div class=\"divleftW\"><strong>e-mail address:<\/strong><br \/>\n<a href=\"mailto:lena@adrenalinekey.se\">lena@adrenalinekey.se<\/a><\/div>\n<p><\/p>","protected":false},"excerpt":{"rendered":"<p>Telefon: 0708-40 29 26 Bes\u00f6ksadress: Adrenaline Key AB Cylinderv\u00e4gen 12, 7tr Nacka Strand e-postadress: lena@adrenalinekey.se Telephone: +46 708 40 29 26 Visiting address: Adrenaline Key AB Cylinderv\u00e4gen 12, 7tr Nacka Strand e-mail address: lena@adrenalinekey.se<\/p>\n","protected":false},"author":2,"featured_media":879,"parent":0,"menu_order":3,"comment_status":"closed","ping_status":"closed","template":"template_fullwidth.php","meta":{"jetpack_post_was_ever_published":false,"footnotes":""},"class_list":["post-40","page","type-page","status-publish","has-post-thumbnail","hentry"],"jetpack_sharing_enabled":true,"jetpack_shortlink":"https:\/\/wp.me\/P8oGWQ-E","jetpack-related-posts":[{"id":36,"url":"https:\/\/adrenalinekey.se\/en\/om-oss\/","url_meta":{"origin":40,"position":0},"title":"V\u00e5r filosofi","author":"Admin","date":"Friday October 21st, 2011","format":false,"excerpt":"Et adrenalinkick I mere end 6 \u00e5r har vi arbejdet sammen med talrige forskellige organisationer. I denne periode er vi blevet mere og mere overbeviste om, at vores metodik og proces giver de afg\u00f8rende adrenalinkick, som er n\u00f8dvendige for udvikling. Vi br\u00e6nder for metodikken og den bagvedliggende tro p\u00e5, at\u2026","rel":"","context":"Similar post","block_context":{"text":"Similar post","link":""},"img":{"alt_text":"","src":"https:\/\/i0.wp.com\/media.adrenalinekey.se\/2011\/10\/DSC_6531_2.jpg?fit=862%2C571&ssl=1&resize=350%2C200","width":350,"height":200,"srcset":"https:\/\/i0.wp.com\/media.adrenalinekey.se\/2011\/10\/DSC_6531_2.jpg?fit=862%2C571&ssl=1&resize=350%2C200 1x, https:\/\/i0.wp.com\/media.adrenalinekey.se\/2011\/10\/DSC_6531_2.jpg?fit=862%2C571&ssl=1&resize=525%2C300 1.5x, https:\/\/i0.wp.com\/media.adrenalinekey.se\/2011\/10\/DSC_6531_2.jpg?fit=862%2C571&ssl=1&resize=700%2C400 2x"},"classes":[]},{"id":803,"url":"https:\/\/adrenalinekey.se\/en\/vart-erbjudande\/","url_meta":{"origin":40,"position":1},"title":"V\u00e5rt erbjudande","author":"Admin","date":"Wednesday May 29th, 2013","format":false,"excerpt":"Adrenalineduken\u2122 Enkel implementering av viktiga budskap Ett av v\u00e5ra centrala pedagogiska verktyg kallar vi f\u00f6r Adrenalineduken. Det \u00e4r ett dubbelsidigt specialdesignat pappersark som m\u00e4ter 70x100 cm, med ett stort antal uppgifter strukturerade i ett pedagogiskt fl\u00f6de. Allt p\u00e5 Adrenalineduken \u00e4r specialutvecklat efter din organisations behov och grafiska profil. Adrenalineduken faciliteras\u2026","rel":"","context":"Similar post","block_context":{"text":"Similar post","link":""},"img":{"alt_text":"AdrenalineKey, Telia duksession","src":"https:\/\/i0.wp.com\/media.adrenalinekey.se\/2011\/11\/IMG_8101.jpg?fit=1000%2C667&ssl=1&resize=350%2C200","width":350,"height":200,"srcset":"https:\/\/i0.wp.com\/media.adrenalinekey.se\/2011\/11\/IMG_8101.jpg?fit=1000%2C667&ssl=1&resize=350%2C200 1x, https:\/\/i0.wp.com\/media.adrenalinekey.se\/2011\/11\/IMG_8101.jpg?fit=1000%2C667&ssl=1&resize=525%2C300 1.5x, https:\/\/i0.wp.com\/media.adrenalinekey.se\/2011\/11\/IMG_8101.jpg?fit=1000%2C667&ssl=1&resize=700%2C400 2x"},"classes":[]},{"id":38,"url":"https:\/\/adrenalinekey.se\/en\/uppdrag\/","url_meta":{"origin":40,"position":2},"title":"Uppdrag","author":"Admin","date":"Friday October 21st, 2011","format":false,"excerpt":"One SiriusPoint SiriusPoint \u00e4r en global underwriter av f\u00f6rs\u00e4kring och \u00e5terf\u00f6rs\u00e4kring som tillhandah\u00e5ller l\u00f6sningar till kunder och m\u00e4klare runt om i v\u00e4rlden. \u00a0I och med sammanslagningen av Sirius Group och Third Point Re och med medarbetare p\u00e5 kontor runt om i v\u00e4rlden gjordes en satsning f\u00f6r att st\u00e4rka och utveckla\u2026","rel":"","context":"Similar post","block_context":{"text":"Similar post","link":""},"img":{"alt_text":"Adrenalineduk","src":"https:\/\/i0.wp.com\/media.adrenalinekey.se\/2017\/03\/IMG_0015.jpg?fit=1200%2C800&ssl=1&resize=350%2C200","width":350,"height":200,"srcset":"https:\/\/i0.wp.com\/media.adrenalinekey.se\/2017\/03\/IMG_0015.jpg?fit=1200%2C800&ssl=1&resize=350%2C200 1x, https:\/\/i0.wp.com\/media.adrenalinekey.se\/2017\/03\/IMG_0015.jpg?fit=1200%2C800&ssl=1&resize=525%2C300 1.5x, https:\/\/i0.wp.com\/media.adrenalinekey.se\/2017\/03\/IMG_0015.jpg?fit=1200%2C800&ssl=1&resize=700%2C400 2x, https:\/\/i0.wp.com\/media.adrenalinekey.se\/2017\/03\/IMG_0015.jpg?fit=1200%2C800&ssl=1&resize=1050%2C600 3x"},"classes":[]}],"_links":{"self":[{"href":"https:\/\/adrenalinekey.se\/en\/wp-json\/wp\/v2\/pages\/40","targetHints":{"allow":["GET"]}}],"collection":[{"href":"https:\/\/adrenalinekey.se\/en\/wp-json\/wp\/v2\/pages"}],"about":[{"href":"https:\/\/adrenalinekey.se\/en\/wp-json\/wp\/v2\/types\/page"}],"author":[{"embeddable":true,"href":"https:\/\/adrenalinekey.se\/en\/wp-json\/wp\/v2\/users\/2"}],"replies":[{"embeddable":true,"href":"https:\/\/adrenalinekey.se\/en\/wp-json\/wp\/v2\/comments?post=40"}],"version-history":[{"count":2,"href":"https:\/\/adrenalinekey.se\/en\/wp-json\/wp\/v2\/pages\/40\/revisions"}],"predecessor-version":[{"id":1438,"href":"https:\/\/adrenalinekey.se\/en\/wp-json\/wp\/v2\/pages\/40\/revisions\/1438"}],"wp:featuredmedia":[{"embeddable":true,"href":"https:\/\/adrenalinekey.se\/en\/wp-json\/wp\/v2\/media\/879"}],"wp:attachment":[{"href":"https:\/\/adrenalinekey.se\/en\/wp-json\/wp\/v2\/media?parent=40"}],"curies":[{"name":"wp","href":"https:\/\/api.w.org\/{rel}","templated":true}]}}