{"id":197,"date":"2011-11-10T14:03:30","date_gmt":"2011-11-10T14:03:30","guid":{"rendered":"http:\/\/adrenalinekey.se\/?page_id=197"},"modified":"2017-03-06T12:32:26","modified_gmt":"2017-03-06T12:32:26","slug":"varfor","status":"publish","type":"page","link":"https:\/\/adrenalinekey.se\/en\/varfor\/","title":{"rendered":"Varf\u00f6r"},"content":{"rendered":"<h2>\u00d6ka f\u00f6rst\u00e5elsen och effekterna av insatserna<\/h2>\n<p>Det l\u00e4ggs ned enorma pengar i interna kommunikationsinsatser s\u00e5som strategiimplementeringar, konferenser, utbildningar etc. Men f\u00f6rst\u00e5r alla? Vi vet att det g\u00e5r att f\u00e5 ut mer av varje investerad krona.<\/p>\n<p>V\u00e5r erfarenhet \u00e4r att alla b\u00e5de kan och vill bidra. Det g\u00e4ller dock att skapa de r\u00e4tta f\u00f6ruts\u00e4ttningarna f\u00f6r att alla ska kunna ta till sig och k\u00e4nna engagemang. Med v\u00e5r metodik blir ditt budskap b\u00e5de f\u00f6rst\u00e5eligt, meningsfullt och hanterbart f\u00f6r m\u00e5lgruppen.<\/p>\n<h2>Fokus p\u00e5 m\u00e5lgruppen<\/h2>\n<p>Informationsfl\u00f6det i v\u00e5r arbetsvardag \u00e4r ofta \u00f6verv\u00e4ldigande. Budskapen \u00e4r ofta formulerade utifr\u00e5n vad avs\u00e4ndaren beh\u00f6ver ha sagt och mindre utifr\u00e5n vad mottagaren beh\u00f6ver h\u00f6ra f\u00f6r att kunna f\u00f6rst\u00e5 och agera \u00e4ndam\u00e5lsenligt. Genom att fokusera p\u00e5 och f\u00f6rst\u00e5 m\u00e5lgruppen och deras perspektiv samt vad det \u00e4r som beh\u00f6ver landa och f\u00f6rst\u00e5s av dem, vet vi hur vi ska formulera och paketera budskapet f\u00f6r b\u00e4sta m\u00f6jliga effekt.<\/p>\n<h2>Vilken \u00e4r din utmaning?<\/h2>\n<p>V\u00e5r metodik har anv\u00e4nts i m\u00e5nga olika typer av nationella- och internationella organisationer, n\u00e4r behovet har varit att:<\/p>\n<ul>\n<li>Implementera strategier, kulturinitiativ, processer och arbetss\u00e4tt <\/li>\n<li>\u00d6ka reflektionen under och beh\u00e5llningen av storm\u00f6ten och konferenser<\/li>\n<li>Uppdatera och spetsa befintliga eller planerade utbildningar <\/li>\n<li>V\u00e4ssa material, uppl\u00e4gg och genomf\u00f6rande av presentationer <\/li>\n<\/ul>\n","protected":false},"excerpt":{"rendered":"<p>\u00d6ka f\u00f6rst\u00e5elsen och effekterna av insatserna Det l\u00e4ggs ned enorma pengar i interna kommunikationsinsatser s\u00e5som strategiimplementeringar, konferenser, utbildningar etc. Men f\u00f6rst\u00e5r alla? Vi vet att det g\u00e5r att f\u00e5 ut mer av varje investerad krona. V\u00e5r erfarenhet \u00e4r att alla b\u00e5de kan och vill bidra. Det g\u00e4ller dock att skapa de r\u00e4tta f\u00f6ruts\u00e4ttningarna f\u00f6r att [&hellip;]<\/p>\n","protected":false},"author":2,"featured_media":547,"parent":0,"menu_order":0,"comment_status":"closed","ping_status":"closed","template":"template_fullwidth.php","meta":{"jetpack_post_was_ever_published":false,"footnotes":""},"class_list":["post-197","page","type-page","status-publish","has-post-thumbnail","hentry"],"jetpack_sharing_enabled":true,"jetpack_shortlink":"https:\/\/wp.me\/P8oGWQ-3b","jetpack-related-posts":[{"id":195,"url":"https:\/\/adrenalinekey.se\/en\/vad\/","url_meta":{"origin":197,"position":0},"title":"Vad","author":"Admin","date":"Thursday November 10th, 2011","format":false,"excerpt":"Vad vi g\u00f6r Med utg\u00e5ngspunkt i m\u00e5lgruppen anpassas ditt budskap till n\u00e5got som upplevs mer meningsfullt, hanterbart och enkelt f\u00f6r medarbetarna i deras vardag. Vi skr\u00e4ddarsyr en l\u00f6sning utifr\u00e5n din organisations specifika behov och m\u00e5ls\u00e4ttningar. Vi tar h\u00e4nsyn till, inkorporerar och bygger vidare p\u00e5 befintliga processer i organisationen f\u00f6r att\u2026","rel":"","context":"Similar post","block_context":{"text":"Similar post","link":""},"img":{"alt_text":"","src":"https:\/\/i0.wp.com\/media.adrenalinekey.se\/2011\/11\/IMG_8115.jpg?fit=1000%2C667&ssl=1&resize=350%2C200","width":350,"height":200,"srcset":"https:\/\/i0.wp.com\/media.adrenalinekey.se\/2011\/11\/IMG_8115.jpg?fit=1000%2C667&ssl=1&resize=350%2C200 1x, https:\/\/i0.wp.com\/media.adrenalinekey.se\/2011\/11\/IMG_8115.jpg?fit=1000%2C667&ssl=1&resize=525%2C300 1.5x, https:\/\/i0.wp.com\/media.adrenalinekey.se\/2011\/11\/IMG_8115.jpg?fit=1000%2C667&ssl=1&resize=700%2C400 2x"},"classes":[]},{"id":1245,"url":"https:\/\/adrenalinekey.se\/en\/metodik\/","url_meta":{"origin":197,"position":1},"title":"Metodik","author":"Mike","date":"Monday March  6th, 2017","format":false,"excerpt":"Nyckeln \u00e4r dialog F\u00e4rre och f\u00e4rre jobb kan idag l\u00f6sas individuellt. Den moderna organisationens framg\u00e5ng bygger i stor utstr\u00e4ckning p\u00e5 ledarnas f\u00f6rm\u00e5ga att kommunicera och medarbetarnas samarbetsskicklighet. Nyckeln \u00e4r dialog! Utifr\u00e5n teorin om hur vuxna l\u00e4r nytt, Andragogik, kan vi konkretisera centrala budskap s\u00e5 att de blir b\u00e5de f\u00f6rst\u00e5eliga, meningsfulla\u2026","rel":"","context":"Similar post","block_context":{"text":"Similar post","link":""},"img":{"alt_text":"","src":"https:\/\/i0.wp.com\/media.adrenalinekey.se\/2011\/10\/IMG_8165_small.jpg?fit=600%2C402&ssl=1&resize=350%2C200","width":350,"height":200,"srcset":"https:\/\/i0.wp.com\/media.adrenalinekey.se\/2011\/10\/IMG_8165_small.jpg?fit=600%2C402&ssl=1&resize=350%2C200 1x, https:\/\/i0.wp.com\/media.adrenalinekey.se\/2011\/10\/IMG_8165_small.jpg?fit=600%2C402&ssl=1&resize=525%2C300 1.5x"},"classes":[]},{"id":199,"url":"https:\/\/adrenalinekey.se\/en\/hur\/","url_meta":{"origin":197,"position":2},"title":"Hur","author":"Admin","date":"Thursday November 10th, 2011","format":false,"excerpt":"Hur vuxna l\u00e4r V\u00e5rt angreppss\u00e4tt bygger p\u00e5 teorin om hur vuxna l\u00e4r. Vi l\u00e4r oss mer effektivt n\u00e4r vi f\u00e5r m\u00f6jlighet att relatera ny kunskap till tidigare erfarenheter och d\u00e4rmed dra egna slutsatser som \u00e4r konkret kopplade till v\u00e5r dagliga arbetssituation. D\u00e5 har dessutom steget till handling kortats avsev\u00e4rt. Inl\u00e4rningen\u2026","rel":"","context":"Similar post","block_context":{"text":"Similar post","link":""},"img":{"alt_text":"","src":"https:\/\/i0.wp.com\/media.adrenalinekey.se\/2011\/11\/IMG_8096_smaller.jpg?fit=1200%2C800&ssl=1&resize=350%2C200","width":350,"height":200,"srcset":"https:\/\/i0.wp.com\/media.adrenalinekey.se\/2011\/11\/IMG_8096_smaller.jpg?fit=1200%2C800&ssl=1&resize=350%2C200 1x, https:\/\/i0.wp.com\/media.adrenalinekey.se\/2011\/11\/IMG_8096_smaller.jpg?fit=1200%2C800&ssl=1&resize=525%2C300 1.5x, https:\/\/i0.wp.com\/media.adrenalinekey.se\/2011\/11\/IMG_8096_smaller.jpg?fit=1200%2C800&ssl=1&resize=700%2C400 2x, https:\/\/i0.wp.com\/media.adrenalinekey.se\/2011\/11\/IMG_8096_smaller.jpg?fit=1200%2C800&ssl=1&resize=1050%2C600 3x"},"classes":[]},{"id":192,"url":"https:\/\/adrenalinekey.se\/en\/home\/","url_meta":{"origin":197,"position":3},"title":"Hem","author":"Admin","date":"Thursday November 10th, 2011","format":false,"excerpt":"Vi bygger kollektiv intelligens utifr\u00e5n organisationens behov och varje medarbetares unika kompetens 1 Tillvarata all tillg\u00e4nglig kunskap i organisationen och \u00f6ka m\u00f6jligheterna att hantera organisationens utmaningar! CategoriesEnkel implementering av viktiga budskap ADRENALINEduken Enkel implementering av viktiga budskap LEDARduken Enkel implementering av viktiga budskap TEAMduken Enkel implementering av viktiga budskap REFLEKTduken\u2026","rel":"","context":"Similar post","block_context":{"text":"Similar post","link":""},"img":{"alt_text":"","src":"","width":0,"height":0},"classes":[]},{"id":1307,"url":"https:\/\/adrenalinekey.se\/en\/adrenalineduken\/","url_meta":{"origin":197,"position":4},"title":"AdrenalineDuken","author":"Mike","date":"Wednesday March  8th, 2017","format":false,"excerpt":"G\u00f6r centrala budskap konkreta och meningsfulla! V\u00e5rt centrala dialogverktyg \u00e4r ett dubbelsidigt specialdesignat pappersark som m\u00e4ter ca 60\u00d790 cm, med ett stort antal uppgifter strukturerade i ett pedagogiskt fl\u00f6de. Allt p\u00e5 AdrenalineDuken \u00e4r specialutvecklat efter din organisations behov och grafiska profil.AdrenalineDuken faciliteras alltid av nyckelpersoner fr\u00e5n den egna organisationen. Dessa\u2026","rel":"","context":"Similar post","block_context":{"text":"Similar post","link":""},"img":{"alt_text":"","src":"https:\/\/i0.wp.com\/media.adrenalinekey.se\/2017\/03\/IMG_0015-web.jpg?fit=1200%2C758&ssl=1&resize=350%2C200","width":350,"height":200,"srcset":"https:\/\/i0.wp.com\/media.adrenalinekey.se\/2017\/03\/IMG_0015-web.jpg?fit=1200%2C758&ssl=1&resize=350%2C200 1x, https:\/\/i0.wp.com\/media.adrenalinekey.se\/2017\/03\/IMG_0015-web.jpg?fit=1200%2C758&ssl=1&resize=525%2C300 1.5x, https:\/\/i0.wp.com\/media.adrenalinekey.se\/2017\/03\/IMG_0015-web.jpg?fit=1200%2C758&ssl=1&resize=700%2C400 2x, https:\/\/i0.wp.com\/media.adrenalinekey.se\/2017\/03\/IMG_0015-web.jpg?fit=1200%2C758&ssl=1&resize=1050%2C600 3x"},"classes":[]},{"id":1327,"url":"https:\/\/adrenalinekey.se\/en\/reflektduken\/","url_meta":{"origin":197,"position":5},"title":"ReflektDuken","author":"Mike","date":"Wednesday March  8th, 2017","format":false,"excerpt":"\u00d6ka reflektion och beh\u00e5llning p\u00e5 konferensen! ReflekDuken f\u00f6rnyar samt \u00f6kar interaktiviteten och beh\u00e5llningen i m\u00f6ten som pr\u00e4glas av m\u00e5nga presentationer. Utifr\u00e5n din organisations speciella behov hj\u00e4lper detta anpassade dialogmaterial till att f\u00f6rst\u00e4rka den r\u00f6da tr\u00e5den mellan de olika inl\u00e4ggen samt skapa ett \u00f6kat fokus p\u00e5 varje inl\u00e4ggs absoluta nyckelbudskap. Kortare\u2026","rel":"","context":"Similar post","block_context":{"text":"Similar post","link":""},"img":{"alt_text":"","src":"https:\/\/i0.wp.com\/media.adrenalinekey.se\/2011\/10\/IMG_8165_small.jpg?fit=600%2C402&ssl=1&resize=350%2C200","width":350,"height":200,"srcset":"https:\/\/i0.wp.com\/media.adrenalinekey.se\/2011\/10\/IMG_8165_small.jpg?fit=600%2C402&ssl=1&resize=350%2C200 1x, https:\/\/i0.wp.com\/media.adrenalinekey.se\/2011\/10\/IMG_8165_small.jpg?fit=600%2C402&ssl=1&resize=525%2C300 1.5x"},"classes":[]}],"_links":{"self":[{"href":"https:\/\/adrenalinekey.se\/en\/wp-json\/wp\/v2\/pages\/197","targetHints":{"allow":["GET"]}}],"collection":[{"href":"https:\/\/adrenalinekey.se\/en\/wp-json\/wp\/v2\/pages"}],"about":[{"href":"https:\/\/adrenalinekey.se\/en\/wp-json\/wp\/v2\/types\/page"}],"author":[{"embeddable":true,"href":"https:\/\/adrenalinekey.se\/en\/wp-json\/wp\/v2\/users\/2"}],"replies":[{"embeddable":true,"href":"https:\/\/adrenalinekey.se\/en\/wp-json\/wp\/v2\/comments?post=197"}],"version-history":[{"count":1,"href":"https:\/\/adrenalinekey.se\/en\/wp-json\/wp\/v2\/pages\/197\/revisions"}],"predecessor-version":[{"id":1262,"href":"https:\/\/adrenalinekey.se\/en\/wp-json\/wp\/v2\/pages\/197\/revisions\/1262"}],"wp:featuredmedia":[{"embeddable":true,"href":"https:\/\/adrenalinekey.se\/en\/wp-json\/wp\/v2\/media\/547"}],"wp:attachment":[{"href":"https:\/\/adrenalinekey.se\/en\/wp-json\/wp\/v2\/media?parent=197"}],"curies":[{"name":"wp","href":"https:\/\/api.w.org\/{rel}","templated":true}]}}