{"id":1488,"date":"2019-06-12T12:59:49","date_gmt":"2019-06-12T12:59:49","guid":{"rendered":"http:\/\/adrenalinekey.se\/?page_id=1488"},"modified":"2019-08-21T09:50:03","modified_gmt":"2019-08-21T09:50:03","slug":"verktyg","status":"publish","type":"page","link":"https:\/\/adrenalinekey.se\/en\/verktyg\/","title":{"rendered":"Verktyg"},"content":{"rendered":"<div id=\"pl-1488\"  class=\"panel-layout\" ><div id=\"pg-1488-0\"  class=\"panel-grid panel-no-style\" ><div id=\"pgc-1488-0-0\"  class=\"panel-grid-cell\" ><div id=\"panel-1488-0-0-0\" class=\"so-panel widget widget_sow-editor panel-first-child panel-last-child\" data-index=\"0\" ><div class=\"so-widget-sow-editor so-widget-sow-editor-base\"><h3 class=\"widget-title\">V\u00e5ra forskningsbaserade dialogverktyg l\u00e4gger plattformen f\u00f6r den kollektiva intelligensen i din organisation.<\/h3>\n<div class=\"siteorigin-widget-tinymce textwidget\">\n\t<\/div>\n<\/div><\/div><\/div><div id=\"pgc-1488-0-1\"  class=\"panel-grid-cell\" ><div id=\"panel-1488-0-1-0\" class=\"so-panel widget widget_sow-image panel-first-child panel-last-child\" data-index=\"1\" ><div class=\"so-widget-sow-image so-widget-sow-image-default-d6014b76747a-1488\">\n\n<div class=\"sow-image-container\">\n\t\t<img decoding=\"async\" src=\"https:\/\/i0.wp.com\/media.adrenalinekey.se\/2011\/11\/IMG_8101.jpg?fit=1000%2C667&amp;ssl=1\" width=\"1000\" height=\"667\" srcset=\"https:\/\/i0.wp.com\/media.adrenalinekey.se\/2011\/11\/IMG_8101.jpg?w=1000&amp;ssl=1 1000w, https:\/\/i0.wp.com\/media.adrenalinekey.se\/2011\/11\/IMG_8101.jpg?resize=300%2C200&amp;ssl=1 300w, https:\/\/i0.wp.com\/media.adrenalinekey.se\/2011\/11\/IMG_8101.jpg?resize=768%2C512&amp;ssl=1 768w\" title=\"Adrenalinekey duksession\" alt=\"AdrenalineKey, Telia duksession\" loading=\"lazy\" \t\tclass=\"so-widget-image\"\/>\n\t<\/div>\n\n<\/div><\/div><\/div><\/div><div id=\"pg-1488-1\"  class=\"panel-grid panel-no-style\" ><div id=\"pgc-1488-1-0\"  class=\"panel-grid-cell\" ><div id=\"panel-1488-1-0-0\" class=\"widget_text so-panel widget widget_custom_html panel-first-child panel-last-child\" data-index=\"2\" ><div class=\"textwidget custom-html-widget\"><div id=\"flipbox-widget-1513\" class=\"cfb_wrapper layout-4 flex-row\" data-flipboxid=\"flipbox-widget-1513\" data-bootstrap-status=\"enable\" data-fontawesome-icons=\"enable\"><div class=\"flex-col-md-4 cfb-box-1 cfb-box-wrapper\">\n                                <div class=\"flipbox-container cfb-layout-4 cfb-flip cfb-hover\" data-effect=\"y\" data-height=\"equal\">\n                                  <div class=\"flipbox-front-layout cfb-data\">\n                                    <div class=\"flipbox-image-content\">\n                                      <div class=\"flipbox-image-top\"><img data-recalc-dims=\"1\" decoding=\"async\" src=\"https:\/\/i0.wp.com\/media.adrenalinekey.se\/2019\/08\/adrenallineduken-16-9_web.jpg?w=590\" alt=\"\" \/><\/div>\n                                      <div class=\"flipbox-img-content\">\n                                        <h5 style=\"color:#e25151\">AdrenalineDuken\u2122<\/h5>\n                                      <\/div>\n                                    <\/div>\n                                    <\/div>\n                                  <div class=\"flipbox-back-layout cfb-data\" style=\"background-color:#e25151\">\n                                    <p>G\u00f6r centrala budskap konkreta och meningsfulla!\r\n<\/p><a target=\"_self\" href=\"http:\/\/adrenalinekey.se\/adrenalineduken\/\"  class=\"back-layout-btn\" style=\"color:#e25151\">L\u00e4s mer!<\/a><\/div>\n                                <\/div>\n                              <\/div><div class=\"flex-col-md-4 cfb-box-2 cfb-box-wrapper\">\n                                <div class=\"flipbox-container cfb-layout-4 cfb-flip cfb-hover\" data-effect=\"y\" data-height=\"equal\">\n                                  <div class=\"flipbox-front-layout cfb-data\">\n                                    <div class=\"flipbox-image-content\">\n                                      <div class=\"flipbox-image-top\"><img data-recalc-dims=\"1\" decoding=\"async\" src=\"https:\/\/i0.wp.com\/media.adrenalinekey.se\/2019\/08\/ledarduken_16-9_web.jpg?w=590\" alt=\"\" \/><\/div>\n                                      <div class=\"flipbox-img-content\">\n                                        <h5 style=\"color:#dfa42d\">LedarDuken\u2122<\/h5>\n                                      <\/div>\n                                    <\/div>\n                                    <\/div>\n                                  <div class=\"flipbox-back-layout cfb-data\" style=\"background-color:#dfa42d\">\n                                    <p>Skapa h\u00e5llbara resultat genom kommunikativa ledare!<\/p><a target=\"_self\" href=\"http:\/\/adrenalinekey.se\/ledarduken\/\"  class=\"back-layout-btn\" style=\"color:#dfa42d\">L\u00e4s mer!<\/a><\/div>\n                                <\/div>\n                              <\/div><div class=\"flex-col-md-4 cfb-box-3 cfb-box-wrapper\">\n                                <div class=\"flipbox-container cfb-layout-4 cfb-flip cfb-hover\" data-effect=\"y\" data-height=\"equal\">\n                                  <div class=\"flipbox-front-layout cfb-data\">\n                                    <div class=\"flipbox-image-content\">\n                                      <div class=\"flipbox-image-top\"><img data-recalc-dims=\"1\" decoding=\"async\" src=\"https:\/\/i0.wp.com\/media.adrenalinekey.se\/2019\/08\/teamduken-16-9_web.jpg?w=590\" alt=\"\" \/><\/div>\n                                      <div class=\"flipbox-img-content\">\n                                        <h5 style=\"color:#50ba7e\">TeamDuken\u2122<\/h5>\n                                      <\/div>\n                                    <\/div>\n                                    <\/div>\n                                  <div class=\"flipbox-back-layout cfb-data\" style=\"background-color:#50ba7e\">\n                                    <p>Utveckla samsyn och effektivitet i team!<\/p><a target=\"_self\" href=\"http:\/\/adrenalinekey.se\/teamduken\/\"  class=\"back-layout-btn\" style=\"color:#50ba7e\">L\u00e4s mer!<\/a><\/div>\n                                <\/div>\n                              <\/div><div class=\"flex-col-md-4 cfb-box-4 cfb-box-wrapper\">\n                                <div class=\"flipbox-container cfb-layout-4 cfb-flip cfb-hover\" data-effect=\"y\" data-height=\"equal\">\n                                  <div class=\"flipbox-front-layout cfb-data\">\n                                    <div class=\"flipbox-image-content\">\n                                      <div class=\"flipbox-image-top\"><img data-recalc-dims=\"1\" decoding=\"async\" src=\"https:\/\/i0.wp.com\/media.adrenalinekey.se\/2019\/08\/groupmat_16-9_web.jpg?w=590\" alt=\"\" \/><\/div>\n                                      <div class=\"flipbox-img-content\">\n                                        <h5 style=\"color:#006a91\">GroupMat\u2122<\/h5>\n                                      <\/div>\n                                    <\/div>\n                                    <\/div>\n                                  <div class=\"flipbox-back-layout cfb-data\" style=\"background-color:#006a91\">\n                                    <p>St\u00e4rk den akademiska arbetsgruppens samh\u00f6righet och trivsel!<\/p><a target=\"_self\" href=\"http:\/\/adrenalinekey.se\/groupmat\/\"  class=\"back-layout-btn\" style=\"color:#006a91\">L\u00e4s mer!<\/a><\/div>\n                                <\/div>\n                              <\/div><div class=\"flex-col-md-4 cfb-box-5 cfb-box-wrapper\">\n                                <div class=\"flipbox-container cfb-layout-4 cfb-flip cfb-hover\" data-effect=\"y\" data-height=\"equal\">\n                                  <div class=\"flipbox-front-layout cfb-data\">\n                                    <div class=\"flipbox-image-content\">\n                                      <div class=\"flipbox-image-top\"><img data-recalc-dims=\"1\" decoding=\"async\" src=\"https:\/\/i0.wp.com\/media.adrenalinekey.se\/2019\/08\/TILLITSDUKEN-16-9_web.jpg?w=590\" alt=\"\" \/><\/div>\n                                      <div class=\"flipbox-img-content\">\n                                        <h5 style=\"color:#474975\">TillitsDuken\u2122<\/h5>\n                                      <\/div>\n                                    <\/div>\n                                    <\/div>\n                                  <div class=\"flipbox-back-layout cfb-data\" style=\"background-color:#474975\">\n                                    <p>Utveckla det tillitsbaserade ledarskapet!\r\n<\/p><a target=\"_self\" href=\"http:\/\/adrenalinekey.se\/tillitsduken\/\"  class=\"back-layout-btn\" style=\"color:#474975\">L\u00e4s mer!<\/a><\/div>\n                                <\/div>\n                              <\/div><div class=\"flex-col-md-4 cfb-box-6 cfb-box-wrapper\">\n                                <div class=\"flipbox-container cfb-layout-4 cfb-flip cfb-hover\" data-effect=\"y\" data-height=\"equal\">\n                                  <div class=\"flipbox-front-layout cfb-data\">\n                                    <div class=\"flipbox-image-content\">\n                                      <div class=\"flipbox-image-top\"><img data-recalc-dims=\"1\" decoding=\"async\" src=\"https:\/\/i0.wp.com\/media.adrenalinekey.se\/2019\/08\/M-duken_16-9_web.jpg?w=590\" alt=\"\" \/><\/div>\n                                      <div class=\"flipbox-img-content\">\n                                        <h5 style=\"color:#642762\">MedarbetarDialogen\u2122<\/h5>\n                                      <\/div>\n                                    <\/div>\n                                    <\/div>\n                                  <div class=\"flipbox-back-layout cfb-data\" style=\"background-color:#642762\">\n                                    <p>Stimulera till ett mer aktivt medarbetaransvar!<\/p><a target=\"_self\" href=\"http:\/\/adrenalinekey.se\/medarbetardialogen\/\"  class=\"back-layout-btn\" style=\"color:#642762\">L\u00e4s mer!<\/a><\/div>\n                                <\/div>\n                              <\/div><\/div><\/div><\/div><\/div><\/div><\/div>","protected":false},"excerpt":{"rendered":"<p>V\u00e5ra forskningsbaserade dialogverktyg l\u00e4gger plattformen f\u00f6r den kollektiva intelligensen i din organisation. AdrenalineDuken\u2122 G\u00f6r centrala budskap konkreta och meningsfulla! L\u00e4s mer! LedarDuken\u2122 Skapa h\u00e5llbara resultat genom kommunikativa ledare!L\u00e4s mer! TeamDuken\u2122 Utveckla samsyn och effektivitet i team!L\u00e4s mer! GroupMat\u2122 St\u00e4rk den akademiska arbetsgruppens samh\u00f6righet och trivsel!L\u00e4s mer! TillitsDuken\u2122 Utveckla det tillitsbaserade ledarskapet! L\u00e4s mer! MedarbetarDialogen\u2122 Stimulera [&hellip;]<\/p>\n","protected":false},"author":1,"featured_media":1162,"parent":0,"menu_order":0,"comment_status":"closed","ping_status":"closed","template":"template_fullwidth.php","meta":{"jetpack_post_was_ever_published":false,"footnotes":""},"class_list":["post-1488","page","type-page","status-publish","has-post-thumbnail","hentry"],"jetpack_sharing_enabled":true,"jetpack_shortlink":"https:\/\/wp.me\/P8oGWQ-o0","jetpack-related-posts":[{"id":1307,"url":"https:\/\/adrenalinekey.se\/en\/adrenalineduken\/","url_meta":{"origin":1488,"position":0},"title":"AdrenalineDuken","author":"Mike","date":"Wednesday March  8th, 2017","format":false,"excerpt":"G\u00f6r centrala budskap konkreta och meningsfulla! V\u00e5rt centrala dialogverktyg \u00e4r ett dubbelsidigt specialdesignat pappersark som m\u00e4ter ca 60\u00d790 cm, med ett stort antal uppgifter strukturerade i ett pedagogiskt fl\u00f6de. Allt p\u00e5 AdrenalineDuken \u00e4r specialutvecklat efter din organisations behov och grafiska profil.AdrenalineDuken faciliteras alltid av nyckelpersoner fr\u00e5n den egna organisationen. Dessa\u2026","rel":"","context":"Similar post","block_context":{"text":"Similar post","link":""},"img":{"alt_text":"","src":"https:\/\/i0.wp.com\/media.adrenalinekey.se\/2017\/03\/IMG_0015-web.jpg?fit=1200%2C758&ssl=1&resize=350%2C200","width":350,"height":200,"srcset":"https:\/\/i0.wp.com\/media.adrenalinekey.se\/2017\/03\/IMG_0015-web.jpg?fit=1200%2C758&ssl=1&resize=350%2C200 1x, https:\/\/i0.wp.com\/media.adrenalinekey.se\/2017\/03\/IMG_0015-web.jpg?fit=1200%2C758&ssl=1&resize=525%2C300 1.5x, https:\/\/i0.wp.com\/media.adrenalinekey.se\/2017\/03\/IMG_0015-web.jpg?fit=1200%2C758&ssl=1&resize=700%2C400 2x, https:\/\/i0.wp.com\/media.adrenalinekey.se\/2017\/03\/IMG_0015-web.jpg?fit=1200%2C758&ssl=1&resize=1050%2C600 3x"},"classes":[]},{"id":1245,"url":"https:\/\/adrenalinekey.se\/en\/metodik\/","url_meta":{"origin":1488,"position":1},"title":"Metodik","author":"Mike","date":"Monday March  6th, 2017","format":false,"excerpt":"Nyckeln \u00e4r dialog F\u00e4rre och f\u00e4rre jobb kan idag l\u00f6sas individuellt. Den moderna organisationens framg\u00e5ng bygger i stor utstr\u00e4ckning p\u00e5 ledarnas f\u00f6rm\u00e5ga att kommunicera och medarbetarnas samarbetsskicklighet. Nyckeln \u00e4r dialog! Utifr\u00e5n teorin om hur vuxna l\u00e4r nytt, Andragogik, kan vi konkretisera centrala budskap s\u00e5 att de blir b\u00e5de f\u00f6rst\u00e5eliga, meningsfulla\u2026","rel":"","context":"Similar post","block_context":{"text":"Similar post","link":""},"img":{"alt_text":"","src":"https:\/\/i0.wp.com\/media.adrenalinekey.se\/2011\/10\/IMG_8165_small.jpg?fit=600%2C402&ssl=1&resize=350%2C200","width":350,"height":200,"srcset":"https:\/\/i0.wp.com\/media.adrenalinekey.se\/2011\/10\/IMG_8165_small.jpg?fit=600%2C402&ssl=1&resize=350%2C200 1x, https:\/\/i0.wp.com\/media.adrenalinekey.se\/2011\/10\/IMG_8165_small.jpg?fit=600%2C402&ssl=1&resize=525%2C300 1.5x"},"classes":[]},{"id":1322,"url":"https:\/\/adrenalinekey.se\/en\/ledarduken\/","url_meta":{"origin":1488,"position":2},"title":"LedarDuken","author":"Mike","date":"Wednesday March  8th, 2017","format":false,"excerpt":"Skapa h\u00e5llbara resultat genom kommunikativa ledare! Mellan 70-90 % av en ledares arbetsvardag best\u00e5r av olika former av kommunikation. F\u00f6ruts\u00e4ttningarna f\u00f6r en ledare att organisera, f\u00f6r\u00e4ndra och skapa resultat beror i stor grad p\u00e5 ledarens f\u00f6rm\u00e5ga att kommunicera. LedarDuken bygger p\u00e5 aktuell forskning om \u201dDet kommunikativa ledarskapet\u201d p\u00e5 Mittuniversitetet i\u2026","rel":"","context":"Similar post","block_context":{"text":"Similar post","link":""},"img":{"alt_text":"","src":"https:\/\/i0.wp.com\/media.adrenalinekey.se\/2017\/03\/kontakt-bg6.jpg?fit=1200%2C720&ssl=1&resize=350%2C200","width":350,"height":200,"srcset":"https:\/\/i0.wp.com\/media.adrenalinekey.se\/2017\/03\/kontakt-bg6.jpg?fit=1200%2C720&ssl=1&resize=350%2C200 1x, https:\/\/i0.wp.com\/media.adrenalinekey.se\/2017\/03\/kontakt-bg6.jpg?fit=1200%2C720&ssl=1&resize=525%2C300 1.5x, https:\/\/i0.wp.com\/media.adrenalinekey.se\/2017\/03\/kontakt-bg6.jpg?fit=1200%2C720&ssl=1&resize=700%2C400 2x, https:\/\/i0.wp.com\/media.adrenalinekey.se\/2017\/03\/kontakt-bg6.jpg?fit=1200%2C720&ssl=1&resize=1050%2C600 3x"},"classes":[]},{"id":38,"url":"https:\/\/adrenalinekey.se\/en\/uppdrag\/","url_meta":{"origin":1488,"position":3},"title":"Uppdrag","author":"Admin","date":"Friday October 21st, 2011","format":false,"excerpt":"One SiriusPoint SiriusPoint \u00e4r en global underwriter av f\u00f6rs\u00e4kring och \u00e5terf\u00f6rs\u00e4kring som tillhandah\u00e5ller l\u00f6sningar till kunder och m\u00e4klare runt om i v\u00e4rlden. \u00a0I och med sammanslagningen av Sirius Group och Third Point Re och med medarbetare p\u00e5 kontor runt om i v\u00e4rlden gjordes en satsning f\u00f6r att st\u00e4rka och utveckla\u2026","rel":"","context":"Similar post","block_context":{"text":"Similar post","link":""},"img":{"alt_text":"Adrenalineduk","src":"https:\/\/i0.wp.com\/media.adrenalinekey.se\/2017\/03\/IMG_0015.jpg?fit=1200%2C800&ssl=1&resize=350%2C200","width":350,"height":200,"srcset":"https:\/\/i0.wp.com\/media.adrenalinekey.se\/2017\/03\/IMG_0015.jpg?fit=1200%2C800&ssl=1&resize=350%2C200 1x, https:\/\/i0.wp.com\/media.adrenalinekey.se\/2017\/03\/IMG_0015.jpg?fit=1200%2C800&ssl=1&resize=525%2C300 1.5x, https:\/\/i0.wp.com\/media.adrenalinekey.se\/2017\/03\/IMG_0015.jpg?fit=1200%2C800&ssl=1&resize=700%2C400 2x, https:\/\/i0.wp.com\/media.adrenalinekey.se\/2017\/03\/IMG_0015.jpg?fit=1200%2C800&ssl=1&resize=1050%2C600 3x"},"classes":[]},{"id":1324,"url":"https:\/\/adrenalinekey.se\/en\/teamduken\/","url_meta":{"origin":1488,"position":4},"title":"TeamDuken","author":"Mike","date":"Wednesday March  8th, 2017","format":false,"excerpt":"Utveckla samsyn och effektivitet i team! Med TeamDuken ges arbetsgrupper, av alla slag, en m\u00f6jlighet att utveckla bl.a. samsyn kring uppdrag, kommunikation och spelregler f\u00f6r ett effektivt teamarbete. Med hj\u00e4lp av en engagerande och strukturerad teamdialog skapas fokus p\u00e5 r\u00e4tt saker som ger nytta och v\u00e4rde f\u00f6r alla. Inneh\u00e5llet i\u2026","rel":"","context":"Similar post","block_context":{"text":"Similar post","link":""},"img":{"alt_text":"","src":"https:\/\/i0.wp.com\/media.adrenalinekey.se\/2011\/11\/MG_8067web.jpg?fit=1200%2C720&ssl=1&resize=350%2C200","width":350,"height":200,"srcset":"https:\/\/i0.wp.com\/media.adrenalinekey.se\/2011\/11\/MG_8067web.jpg?fit=1200%2C720&ssl=1&resize=350%2C200 1x, https:\/\/i0.wp.com\/media.adrenalinekey.se\/2011\/11\/MG_8067web.jpg?fit=1200%2C720&ssl=1&resize=525%2C300 1.5x, https:\/\/i0.wp.com\/media.adrenalinekey.se\/2011\/11\/MG_8067web.jpg?fit=1200%2C720&ssl=1&resize=700%2C400 2x, https:\/\/i0.wp.com\/media.adrenalinekey.se\/2011\/11\/MG_8067web.jpg?fit=1200%2C720&ssl=1&resize=1050%2C600 3x"},"classes":[]},{"id":1528,"url":"https:\/\/adrenalinekey.se\/en\/medarbetardialogen\/","url_meta":{"origin":1488,"position":5},"title":"MEDARBETARdialogen","author":"Mike","date":"Monday August 12th, 2019","format":false,"excerpt":"Stimulera till ett mer aktivt medarbetaransvar! Ett aktivt medarbetarskap som k\u00e4nnetecknas av dialog, \u00f6ppenhet, tillit, delaktighet, ansvars- och initiativtagande och engagemang st\u00e4rker och utvecklar organisationen. MedarbetarDialogen \u00e4r utvecklad och anpassad f\u00f6r arbetsgrupper inom den offentliga sektorn. Arbetsmaterialet inneh\u00e5ller 5 olika fr\u00e5geomr\u00e5den med tillh\u00f6rande \u201dcase\u201d\/situationer samt handlingsplaner p\u00e5 olika niv\u00e5er. M-dialogen\u2026","rel":"","context":"Similar post","block_context":{"text":"Similar post","link":""},"img":{"alt_text":"","src":"https:\/\/i0.wp.com\/media.adrenalinekey.se\/2011\/11\/MG_8067web.jpg?fit=1200%2C720&ssl=1&resize=350%2C200","width":350,"height":200,"srcset":"https:\/\/i0.wp.com\/media.adrenalinekey.se\/2011\/11\/MG_8067web.jpg?fit=1200%2C720&ssl=1&resize=350%2C200 1x, https:\/\/i0.wp.com\/media.adrenalinekey.se\/2011\/11\/MG_8067web.jpg?fit=1200%2C720&ssl=1&resize=525%2C300 1.5x, https:\/\/i0.wp.com\/media.adrenalinekey.se\/2011\/11\/MG_8067web.jpg?fit=1200%2C720&ssl=1&resize=700%2C400 2x, https:\/\/i0.wp.com\/media.adrenalinekey.se\/2011\/11\/MG_8067web.jpg?fit=1200%2C720&ssl=1&resize=1050%2C600 3x"},"classes":[]}],"_links":{"self":[{"href":"https:\/\/adrenalinekey.se\/en\/wp-json\/wp\/v2\/pages\/1488","targetHints":{"allow":["GET"]}}],"collection":[{"href":"https:\/\/adrenalinekey.se\/en\/wp-json\/wp\/v2\/pages"}],"about":[{"href":"https:\/\/adrenalinekey.se\/en\/wp-json\/wp\/v2\/types\/page"}],"author":[{"embeddable":true,"href":"https:\/\/adrenalinekey.se\/en\/wp-json\/wp\/v2\/users\/1"}],"replies":[{"embeddable":true,"href":"https:\/\/adrenalinekey.se\/en\/wp-json\/wp\/v2\/comments?post=1488"}],"version-history":[{"count":10,"href":"https:\/\/adrenalinekey.se\/en\/wp-json\/wp\/v2\/pages\/1488\/revisions"}],"predecessor-version":[{"id":1548,"href":"https:\/\/adrenalinekey.se\/en\/wp-json\/wp\/v2\/pages\/1488\/revisions\/1548"}],"wp:featuredmedia":[{"embeddable":true,"href":"https:\/\/adrenalinekey.se\/en\/wp-json\/wp\/v2\/media\/1162"}],"wp:attachment":[{"href":"https:\/\/adrenalinekey.se\/en\/wp-json\/wp\/v2\/media?parent=1488"}],"curies":[{"name":"wp","href":"https:\/\/api.w.org\/{rel}","templated":true}]}}