{"id":1324,"date":"2017-03-08T13:08:41","date_gmt":"2017-03-08T13:08:41","guid":{"rendered":"http:\/\/adrenalinekey.se\/?page_id=1324"},"modified":"2021-04-22T15:57:42","modified_gmt":"2021-04-22T15:57:42","slug":"teamduken","status":"publish","type":"page","link":"https:\/\/adrenalinekey.se\/en\/teamduken\/","title":{"rendered":"TeamDuken"},"content":{"rendered":"<div id=\"pl-1324\"  class=\"panel-layout\" ><div id=\"pg-1324-0\"  class=\"panel-grid panel-no-style\" ><div id=\"pgc-1324-0-0\"  class=\"panel-grid-cell\" ><div id=\"panel-1324-0-0-0\" class=\"so-panel widget widget_sow-editor panel-first-child panel-last-child\" data-index=\"0\" ><div class=\"so-widget-sow-editor so-widget-sow-editor-base\"><h3 class=\"widget-title\">Utveckla samsyn och effektivitet i team!<\/h3>\n<div class=\"siteorigin-widget-tinymce textwidget\">\n\t<p>Med TeamDuken ges arbetsgrupper, av alla slag, en m\u00f6jlighet att utveckla bl.a. samsyn kring uppdrag, kommunikation och spelregler f\u00f6r ett effektivt teamarbete. Med hj\u00e4lp av en engagerande och strukturerad teamdialog skapas fokus p\u00e5 r\u00e4tt saker som ger nytta och v\u00e4rde f\u00f6r alla.<\/p>\n<p>Inneh\u00e5llet i detta dialogverktyg bygger p\u00e5 Susan A Wheelans forskning kring effektiva team samt Daniel Pinks tankar kring vad som skapar arbetsgl\u00e4dje, motivation och h\u00f6g prestation i dagens arbetsliv.<\/p>\n<p>TeamDuken kompletteras med handlingsplaner p\u00e5 grupp- och individniv\u00e5.<\/p>\n<div><strong>Effekter:<\/strong><\/div>\n<ul>\n<li>Strukturerar \u00e4mnet och ger ett guidat format f\u00f6r gruppdialog<\/li>\n<li>G\u00f6r det abstrakta mer konkret<\/li>\n<li>Involverar alla i samtalet<\/li>\n<li>Skapar en samsyn och ett gemensamt spr\u00e5k<\/li>\n<li>Ger m\u00f6jlighet f\u00f6r reflektion och b\u00e4ttre f\u00f6rst\u00e5else f\u00f6r varandra<\/li>\n<li>Resulterar i handlingsplaner p\u00e5 team- och individniv\u00e5<\/li>\n<li>Kr\u00e4ver ett minimum av handledning<\/li>\n<\/ul>\n<p><iframe loading=\"lazy\" title=\"Dan Pink: The puzzle of motivation\" src=\"https:\/\/embed.ted.com\/talks\/dan_pink_the_puzzle_of_motivation\" sandbox=\"allow-popups allow-scripts allow-same-origin\" width=\"590\" height=\"333\" frameborder=\"0\" scrolling=\"no\" webkitAllowFullScreen mozallowfullscreen allowFullScreen><\/iframe><\/p>\n<p class=\"p3\"><span class=\"s2\"><b>Boktips<\/b>:\u00a0<\/span><\/p>\n<p class=\"p3\"><i><\/i><i><a href=\"https:\/\/i0.wp.com\/media.adrenalinekey.se\/2017\/03\/wheelan.jpg\"><img data-attachment-id=\"1419\" data-permalink=\"https:\/\/adrenalinekey.se\/en\/teamduken\/wheelan\/\" data-orig-file=\"https:\/\/i0.wp.com\/media.adrenalinekey.se\/2017\/03\/wheelan.jpg?fit=609%2C800&amp;ssl=1\" data-orig-size=\"609,800\" data-comments-opened=\"1\" data-image-meta=\"{&quot;aperture&quot;:&quot;0&quot;,&quot;credit&quot;:&quot;&quot;,&quot;camera&quot;:&quot;&quot;,&quot;caption&quot;:&quot;&quot;,&quot;created_timestamp&quot;:&quot;0&quot;,&quot;copyright&quot;:&quot;&quot;,&quot;focal_length&quot;:&quot;0&quot;,&quot;iso&quot;:&quot;0&quot;,&quot;shutter_speed&quot;:&quot;0&quot;,&quot;title&quot;:&quot;&quot;,&quot;orientation&quot;:&quot;0&quot;}\" data-image-title=\"wheelan\" data-image-description=\"\" data-image-caption=\"\" data-large-file=\"https:\/\/i0.wp.com\/media.adrenalinekey.se\/2017\/03\/wheelan.jpg?fit=590%2C775&amp;ssl=1\" data-recalc-dims=\"1\" loading=\"lazy\" decoding=\"async\" class=\" wp-image-1419 alignleft\" src=\"https:\/\/i0.wp.com\/media.adrenalinekey.se\/2017\/03\/wheelan.jpg?resize=136%2C177\" alt=\"Att skapa effektiva team\" width=\"136\" height=\"177\" \/><\/a>Att skapa effektiva team <\/i>av Susan A Wheelan, Studentlitteratur<\/p>\n<\/div>\n<\/div><\/div><\/div><div id=\"pgc-1324-0-1\"  class=\"panel-grid-cell\" ><div id=\"panel-1324-0-1-0\" class=\"so-panel widget widget_sow-image panel-first-child\" data-index=\"1\" ><div class=\"so-widget-sow-image so-widget-sow-image-default-d6014b76747a-1324\">\n\n<div class=\"sow-image-container\">\n\t\t<img decoding=\"async\" src=\"https:\/\/i0.wp.com\/media.adrenalinekey.se\/2017\/05\/TeamDuken2017-3d-small.jpg?fit=600%2C514&amp;ssl=1\" width=\"600\" height=\"514\" srcset=\"https:\/\/i0.wp.com\/media.adrenalinekey.se\/2017\/05\/TeamDuken2017-3d-small.jpg?w=600&amp;ssl=1 600w, https:\/\/i0.wp.com\/media.adrenalinekey.se\/2017\/05\/TeamDuken2017-3d-small.jpg?resize=300%2C257&amp;ssl=1 300w\" title=\"TeamDuken2017\" alt=\"TeamDuken2017\" loading=\"lazy\" \t\tclass=\"so-widget-image\"\/>\n\t<\/div>\n\n<\/div><\/div><div id=\"panel-1324-0-1-1\" class=\"so-panel widget widget_sow-image panel-last-child\" data-index=\"2\" ><div class=\"so-widget-sow-image so-widget-sow-image-default-d6014b76747a-1324\">\n\n<div class=\"sow-image-container\">\n\t\t<img decoding=\"async\" src=\"https:\/\/i0.wp.com\/media.adrenalinekey.se\/2021\/04\/TeamDialogen-AdrenalineKey.jpg?fit=802%2C798&amp;ssl=1\" width=\"802\" height=\"798\" srcset=\"https:\/\/i0.wp.com\/media.adrenalinekey.se\/2021\/04\/TeamDialogen-AdrenalineKey.jpg?w=802&amp;ssl=1 802w, https:\/\/i0.wp.com\/media.adrenalinekey.se\/2021\/04\/TeamDialogen-AdrenalineKey.jpg?resize=300%2C300&amp;ssl=1 300w, https:\/\/i0.wp.com\/media.adrenalinekey.se\/2021\/04\/TeamDialogen-AdrenalineKey.jpg?resize=150%2C150&amp;ssl=1 150w, https:\/\/i0.wp.com\/media.adrenalinekey.se\/2021\/04\/TeamDialogen-AdrenalineKey.jpg?resize=768%2C764&amp;ssl=1 768w\" alt=\"\" loading=\"lazy\" \t\tclass=\"so-widget-image\"\/>\n\t<\/div>\n\n<\/div><\/div><\/div><\/div><div id=\"pg-1324-1\"  class=\"panel-grid panel-no-style\" ><div id=\"pgc-1324-1-0\"  class=\"panel-grid-cell\" ><div id=\"panel-1324-1-0-0\" class=\"widget_text so-panel widget widget_custom_html panel-first-child panel-last-child\" data-index=\"3\" ><div class=\"textwidget custom-html-widget\"><div id=\"flipbox-widget-1513\" class=\"cfb_wrapper layout-4 flex-row\" data-flipboxid=\"flipbox-widget-1513\" data-bootstrap-status=\"enable\" data-fontawesome-icons=\"enable\"><div class=\"flex-col-md-4 cfb-box-1 cfb-box-wrapper\">\n                                <div class=\"flipbox-container cfb-layout-4 cfb-flip cfb-hover\" data-effect=\"y\" data-height=\"equal\">\n                                  <div class=\"flipbox-front-layout cfb-data\">\n                                    <div class=\"flipbox-image-content\">\n                                      <div class=\"flipbox-image-top\"><img data-recalc-dims=\"1\" decoding=\"async\" src=\"https:\/\/i0.wp.com\/media.adrenalinekey.se\/2019\/08\/adrenallineduken-16-9_web.jpg?w=590\" alt=\"\" \/><\/div>\n                                      <div class=\"flipbox-img-content\">\n                                        <h5 style=\"color:#e25151\">AdrenalineDuken\u2122<\/h5>\n                                      <\/div>\n                                    <\/div>\n                                    <\/div>\n                                  <div class=\"flipbox-back-layout cfb-data\" style=\"background-color:#e25151\">\n                                    <p>G\u00f6r centrala budskap konkreta och meningsfulla!\r\n<\/p><a target=\"_self\" href=\"http:\/\/adrenalinekey.se\/adrenalineduken\/\"  class=\"back-layout-btn\" style=\"color:#e25151\">L\u00e4s mer!<\/a><\/div>\n                                <\/div>\n                              <\/div><div class=\"flex-col-md-4 cfb-box-2 cfb-box-wrapper\">\n                                <div class=\"flipbox-container cfb-layout-4 cfb-flip cfb-hover\" data-effect=\"y\" data-height=\"equal\">\n                                  <div class=\"flipbox-front-layout cfb-data\">\n                                    <div class=\"flipbox-image-content\">\n                                      <div class=\"flipbox-image-top\"><img data-recalc-dims=\"1\" decoding=\"async\" src=\"https:\/\/i0.wp.com\/media.adrenalinekey.se\/2019\/08\/ledarduken_16-9_web.jpg?w=590\" alt=\"\" \/><\/div>\n                                      <div class=\"flipbox-img-content\">\n                                        <h5 style=\"color:#dfa42d\">LedarDuken\u2122<\/h5>\n                                      <\/div>\n                                    <\/div>\n                                    <\/div>\n                                  <div class=\"flipbox-back-layout cfb-data\" style=\"background-color:#dfa42d\">\n                                    <p>Skapa h\u00e5llbara resultat genom kommunikativa ledare!<\/p><a target=\"_self\" href=\"http:\/\/adrenalinekey.se\/ledarduken\/\"  class=\"back-layout-btn\" style=\"color:#dfa42d\">L\u00e4s mer!<\/a><\/div>\n                                <\/div>\n                              <\/div><div class=\"flex-col-md-4 cfb-box-3 cfb-box-wrapper\">\n                                <div class=\"flipbox-container cfb-layout-4 cfb-flip cfb-hover\" data-effect=\"y\" data-height=\"equal\">\n                                  <div class=\"flipbox-front-layout cfb-data\">\n                                    <div class=\"flipbox-image-content\">\n                                      <div class=\"flipbox-image-top\"><img data-recalc-dims=\"1\" decoding=\"async\" src=\"https:\/\/i0.wp.com\/media.adrenalinekey.se\/2019\/08\/teamduken-16-9_web.jpg?w=590\" alt=\"\" \/><\/div>\n                                      <div class=\"flipbox-img-content\">\n                                        <h5 style=\"color:#50ba7e\">TeamDuken\u2122<\/h5>\n                                      <\/div>\n                                    <\/div>\n                                    <\/div>\n                                  <div class=\"flipbox-back-layout cfb-data\" style=\"background-color:#50ba7e\">\n                                    <p>Utveckla samsyn och effektivitet i team!<\/p><a target=\"_self\" href=\"http:\/\/adrenalinekey.se\/teamduken\/\"  class=\"back-layout-btn\" style=\"color:#50ba7e\">L\u00e4s mer!<\/a><\/div>\n                                <\/div>\n                              <\/div><div class=\"flex-col-md-4 cfb-box-4 cfb-box-wrapper\">\n                                <div class=\"flipbox-container cfb-layout-4 cfb-flip cfb-hover\" data-effect=\"y\" data-height=\"equal\">\n                                  <div class=\"flipbox-front-layout cfb-data\">\n                                    <div class=\"flipbox-image-content\">\n                                      <div class=\"flipbox-image-top\"><img data-recalc-dims=\"1\" decoding=\"async\" src=\"https:\/\/i0.wp.com\/media.adrenalinekey.se\/2019\/08\/groupmat_16-9_web.jpg?w=590\" alt=\"\" \/><\/div>\n                                      <div class=\"flipbox-img-content\">\n                                        <h5 style=\"color:#006a91\">GroupMat\u2122<\/h5>\n                                      <\/div>\n                                    <\/div>\n                                    <\/div>\n                                  <div class=\"flipbox-back-layout cfb-data\" style=\"background-color:#006a91\">\n                                    <p>St\u00e4rk den akademiska arbetsgruppens samh\u00f6righet och trivsel!<\/p><a target=\"_self\" href=\"http:\/\/adrenalinekey.se\/groupmat\/\"  class=\"back-layout-btn\" style=\"color:#006a91\">L\u00e4s mer!<\/a><\/div>\n                                <\/div>\n                              <\/div><div class=\"flex-col-md-4 cfb-box-5 cfb-box-wrapper\">\n                                <div class=\"flipbox-container cfb-layout-4 cfb-flip cfb-hover\" data-effect=\"y\" data-height=\"equal\">\n                                  <div class=\"flipbox-front-layout cfb-data\">\n                                    <div class=\"flipbox-image-content\">\n                                      <div class=\"flipbox-image-top\"><img data-recalc-dims=\"1\" decoding=\"async\" src=\"https:\/\/i0.wp.com\/media.adrenalinekey.se\/2019\/08\/TILLITSDUKEN-16-9_web.jpg?w=590\" alt=\"\" \/><\/div>\n                                      <div class=\"flipbox-img-content\">\n                                        <h5 style=\"color:#474975\">TillitsDuken\u2122<\/h5>\n                                      <\/div>\n                                    <\/div>\n                                    <\/div>\n                                  <div class=\"flipbox-back-layout cfb-data\" style=\"background-color:#474975\">\n                                    <p>Utveckla det tillitsbaserade ledarskapet!\r\n<\/p><a target=\"_self\" href=\"http:\/\/adrenalinekey.se\/tillitsduken\/\"  class=\"back-layout-btn\" style=\"color:#474975\">L\u00e4s mer!<\/a><\/div>\n                                <\/div>\n                              <\/div><div class=\"flex-col-md-4 cfb-box-6 cfb-box-wrapper\">\n                                <div class=\"flipbox-container cfb-layout-4 cfb-flip cfb-hover\" data-effect=\"y\" data-height=\"equal\">\n                                  <div class=\"flipbox-front-layout cfb-data\">\n                                    <div class=\"flipbox-image-content\">\n                                      <div class=\"flipbox-image-top\"><img data-recalc-dims=\"1\" decoding=\"async\" src=\"https:\/\/i0.wp.com\/media.adrenalinekey.se\/2019\/08\/M-duken_16-9_web.jpg?w=590\" alt=\"\" \/><\/div>\n                                      <div class=\"flipbox-img-content\">\n                                        <h5 style=\"color:#642762\">MedarbetarDialogen\u2122<\/h5>\n                                      <\/div>\n                                    <\/div>\n                                    <\/div>\n                                  <div class=\"flipbox-back-layout cfb-data\" style=\"background-color:#642762\">\n                                    <p>Stimulera till ett mer aktivt medarbetaransvar!<\/p><a target=\"_self\" href=\"http:\/\/adrenalinekey.se\/medarbetardialogen\/\"  class=\"back-layout-btn\" style=\"color:#642762\">L\u00e4s mer!<\/a><\/div>\n                                <\/div>\n                              <\/div><\/div><\/div><\/div><\/div><\/div><\/div>","protected":false},"excerpt":{"rendered":"<p>Med TeamDuken ges arbetsgrupper, av alla slag, en m\u00f6jlighet att utveckla bl.a. samsyn kring uppdrag, kommunikation och spelregler f\u00f6r ett effektivt teamarbete. Med hj\u00e4lp av en engagerande och strukturerad teamdialog skapas fokus p\u00e5 r\u00e4tt saker som ger nytta och v\u00e4rde f\u00f6r alla. Inneh\u00e5llet i detta dialogverktyg bygger p\u00e5 Susan A Wheelans forskning kring effektiva team [&hellip;]<\/p>\n","protected":false},"author":1,"featured_media":1162,"parent":0,"menu_order":0,"comment_status":"closed","ping_status":"closed","template":"template_fullwidth.php","meta":{"jetpack_post_was_ever_published":false,"footnotes":""},"class_list":["post-1324","page","type-page","status-publish","has-post-thumbnail","hentry"],"jetpack_sharing_enabled":true,"jetpack_shortlink":"https:\/\/wp.me\/P8oGWQ-lm","jetpack-related-posts":[{"id":1613,"url":"https:\/\/adrenalinekey.se\/en\/teamdialogen\/","url_meta":{"origin":1324,"position":0},"title":"TeamDialogen","author":"Mike","date":"Tuesday April 20th, 2021","format":false,"excerpt":"Utveckla samsyn och effektivitet i team! Dagens arbetsliv kr\u00e4ver ett allt effektivare lagarbete, d\u00e4r medarbetares kompetens och erfarenhet kommer till nytta. Med analoga TeamDuken och den digitala TeamDialogen ges arbetsgrupper, av alla slag, en m\u00f6jlighet att utveckla en samsyn i sitt uppdrag, kommunikation, samarbete f\u00f6r att f\u00f6rb\u00e4ttra s\u00e5v\u00e4l prestation som\u2026","rel":"","context":"Similar post","block_context":{"text":"Similar post","link":""},"img":{"alt_text":"","src":"https:\/\/i0.wp.com\/media.adrenalinekey.se\/2021\/01\/web-header-teamduk_wallpaper.jpg?fit=1200%2C486&ssl=1&resize=350%2C200","width":350,"height":200,"srcset":"https:\/\/i0.wp.com\/media.adrenalinekey.se\/2021\/01\/web-header-teamduk_wallpaper.jpg?fit=1200%2C486&ssl=1&resize=350%2C200 1x, https:\/\/i0.wp.com\/media.adrenalinekey.se\/2021\/01\/web-header-teamduk_wallpaper.jpg?fit=1200%2C486&ssl=1&resize=525%2C300 1.5x, https:\/\/i0.wp.com\/media.adrenalinekey.se\/2021\/01\/web-header-teamduk_wallpaper.jpg?fit=1200%2C486&ssl=1&resize=700%2C400 2x, https:\/\/i0.wp.com\/media.adrenalinekey.se\/2021\/01\/web-header-teamduk_wallpaper.jpg?fit=1200%2C486&ssl=1&resize=1050%2C600 3x"},"classes":[]},{"id":1327,"url":"https:\/\/adrenalinekey.se\/en\/reflektduken\/","url_meta":{"origin":1324,"position":1},"title":"ReflektDuken","author":"Mike","date":"Wednesday March  8th, 2017","format":false,"excerpt":"\u00d6ka reflektion och beh\u00e5llning p\u00e5 konferensen! ReflekDuken f\u00f6rnyar samt \u00f6kar interaktiviteten och beh\u00e5llningen i m\u00f6ten som pr\u00e4glas av m\u00e5nga presentationer. Utifr\u00e5n din organisations speciella behov hj\u00e4lper detta anpassade dialogmaterial till att f\u00f6rst\u00e4rka den r\u00f6da tr\u00e5den mellan de olika inl\u00e4ggen samt skapa ett \u00f6kat fokus p\u00e5 varje inl\u00e4ggs absoluta nyckelbudskap. Kortare\u2026","rel":"","context":"Similar post","block_context":{"text":"Similar post","link":""},"img":{"alt_text":"","src":"https:\/\/i0.wp.com\/media.adrenalinekey.se\/2011\/10\/IMG_8165_small.jpg?fit=600%2C402&ssl=1&resize=350%2C200","width":350,"height":200,"srcset":"https:\/\/i0.wp.com\/media.adrenalinekey.se\/2011\/10\/IMG_8165_small.jpg?fit=600%2C402&ssl=1&resize=350%2C200 1x, https:\/\/i0.wp.com\/media.adrenalinekey.se\/2011\/10\/IMG_8165_small.jpg?fit=600%2C402&ssl=1&resize=525%2C300 1.5x"},"classes":[]},{"id":38,"url":"https:\/\/adrenalinekey.se\/en\/uppdrag\/","url_meta":{"origin":1324,"position":2},"title":"Uppdrag","author":"Admin","date":"Friday October 21st, 2011","format":false,"excerpt":"One SiriusPoint SiriusPoint \u00e4r en global underwriter av f\u00f6rs\u00e4kring och \u00e5terf\u00f6rs\u00e4kring som tillhandah\u00e5ller l\u00f6sningar till kunder och m\u00e4klare runt om i v\u00e4rlden. \u00a0I och med sammanslagningen av Sirius Group och Third Point Re och med medarbetare p\u00e5 kontor runt om i v\u00e4rlden gjordes en satsning f\u00f6r att st\u00e4rka och utveckla\u2026","rel":"","context":"Similar post","block_context":{"text":"Similar post","link":""},"img":{"alt_text":"Adrenalineduk","src":"https:\/\/i0.wp.com\/media.adrenalinekey.se\/2017\/03\/IMG_0015.jpg?fit=1200%2C800&ssl=1&resize=350%2C200","width":350,"height":200,"srcset":"https:\/\/i0.wp.com\/media.adrenalinekey.se\/2017\/03\/IMG_0015.jpg?fit=1200%2C800&ssl=1&resize=350%2C200 1x, https:\/\/i0.wp.com\/media.adrenalinekey.se\/2017\/03\/IMG_0015.jpg?fit=1200%2C800&ssl=1&resize=525%2C300 1.5x, https:\/\/i0.wp.com\/media.adrenalinekey.se\/2017\/03\/IMG_0015.jpg?fit=1200%2C800&ssl=1&resize=700%2C400 2x, https:\/\/i0.wp.com\/media.adrenalinekey.se\/2017\/03\/IMG_0015.jpg?fit=1200%2C800&ssl=1&resize=1050%2C600 3x"},"classes":[]},{"id":1501,"url":"https:\/\/adrenalinekey.se\/en\/tillitsduken\/","url_meta":{"origin":1324,"position":3},"title":"TILLITSduken","author":"Mike","date":"Monday August 12th, 2019","format":false,"excerpt":"Utveckla det tillitsbaserade ledarskapet! Detta utvecklingsverktyg, f\u00f6r ledare i offentlig sektor, har utvecklats i syfte att skapa en fokuserad och gemensam dialog kring f\u00f6ruts\u00e4ttningarna att styra och leda tillitsbaserat. Utg\u00e5ngspunkten kommer fr\u00e5n regeringens tillitsreform d\u00e4r ambitionen \u00e4r att \u201dStyrningen ska ta tillvara medarbetarnas kompetens till nytta f\u00f6r medborgare och f\u00f6retag\u201d.\u2026","rel":"","context":"Similar post","block_context":{"text":"Similar post","link":""},"img":{"alt_text":"","src":"https:\/\/i0.wp.com\/media.adrenalinekey.se\/2011\/11\/MG_8067web.jpg?fit=1200%2C720&ssl=1&resize=350%2C200","width":350,"height":200,"srcset":"https:\/\/i0.wp.com\/media.adrenalinekey.se\/2011\/11\/MG_8067web.jpg?fit=1200%2C720&ssl=1&resize=350%2C200 1x, https:\/\/i0.wp.com\/media.adrenalinekey.se\/2011\/11\/MG_8067web.jpg?fit=1200%2C720&ssl=1&resize=525%2C300 1.5x, https:\/\/i0.wp.com\/media.adrenalinekey.se\/2011\/11\/MG_8067web.jpg?fit=1200%2C720&ssl=1&resize=700%2C400 2x, https:\/\/i0.wp.com\/media.adrenalinekey.se\/2011\/11\/MG_8067web.jpg?fit=1200%2C720&ssl=1&resize=1050%2C600 3x"},"classes":[]},{"id":803,"url":"https:\/\/adrenalinekey.se\/en\/vart-erbjudande\/","url_meta":{"origin":1324,"position":4},"title":"V\u00e5rt erbjudande","author":"Admin","date":"Wednesday May 29th, 2013","format":false,"excerpt":"Adrenalineduken\u2122 Enkel implementering av viktiga budskap Ett av v\u00e5ra centrala pedagogiska verktyg kallar vi f\u00f6r Adrenalineduken. Det \u00e4r ett dubbelsidigt specialdesignat pappersark som m\u00e4ter 70x100 cm, med ett stort antal uppgifter strukturerade i ett pedagogiskt fl\u00f6de. Allt p\u00e5 Adrenalineduken \u00e4r specialutvecklat efter din organisations behov och grafiska profil. Adrenalineduken faciliteras\u2026","rel":"","context":"Similar post","block_context":{"text":"Similar post","link":""},"img":{"alt_text":"AdrenalineKey, Telia duksession","src":"https:\/\/i0.wp.com\/media.adrenalinekey.se\/2011\/11\/IMG_8101.jpg?fit=1000%2C667&ssl=1&resize=350%2C200","width":350,"height":200,"srcset":"https:\/\/i0.wp.com\/media.adrenalinekey.se\/2011\/11\/IMG_8101.jpg?fit=1000%2C667&ssl=1&resize=350%2C200 1x, https:\/\/i0.wp.com\/media.adrenalinekey.se\/2011\/11\/IMG_8101.jpg?fit=1000%2C667&ssl=1&resize=525%2C300 1.5x, https:\/\/i0.wp.com\/media.adrenalinekey.se\/2011\/11\/IMG_8101.jpg?fit=1000%2C667&ssl=1&resize=700%2C400 2x"},"classes":[]},{"id":1322,"url":"https:\/\/adrenalinekey.se\/en\/ledarduken\/","url_meta":{"origin":1324,"position":5},"title":"LedarDuken","author":"Mike","date":"Wednesday March  8th, 2017","format":false,"excerpt":"Skapa h\u00e5llbara resultat genom kommunikativa ledare! Mellan 70-90 % av en ledares arbetsvardag best\u00e5r av olika former av kommunikation. F\u00f6ruts\u00e4ttningarna f\u00f6r en ledare att organisera, f\u00f6r\u00e4ndra och skapa resultat beror i stor grad p\u00e5 ledarens f\u00f6rm\u00e5ga att kommunicera. LedarDuken bygger p\u00e5 aktuell forskning om \u201dDet kommunikativa ledarskapet\u201d p\u00e5 Mittuniversitetet i\u2026","rel":"","context":"Similar post","block_context":{"text":"Similar post","link":""},"img":{"alt_text":"","src":"https:\/\/i0.wp.com\/media.adrenalinekey.se\/2017\/03\/kontakt-bg6.jpg?fit=1200%2C720&ssl=1&resize=350%2C200","width":350,"height":200,"srcset":"https:\/\/i0.wp.com\/media.adrenalinekey.se\/2017\/03\/kontakt-bg6.jpg?fit=1200%2C720&ssl=1&resize=350%2C200 1x, https:\/\/i0.wp.com\/media.adrenalinekey.se\/2017\/03\/kontakt-bg6.jpg?fit=1200%2C720&ssl=1&resize=525%2C300 1.5x, https:\/\/i0.wp.com\/media.adrenalinekey.se\/2017\/03\/kontakt-bg6.jpg?fit=1200%2C720&ssl=1&resize=700%2C400 2x, https:\/\/i0.wp.com\/media.adrenalinekey.se\/2017\/03\/kontakt-bg6.jpg?fit=1200%2C720&ssl=1&resize=1050%2C600 3x"},"classes":[]}],"_links":{"self":[{"href":"https:\/\/adrenalinekey.se\/en\/wp-json\/wp\/v2\/pages\/1324","targetHints":{"allow":["GET"]}}],"collection":[{"href":"https:\/\/adrenalinekey.se\/en\/wp-json\/wp\/v2\/pages"}],"about":[{"href":"https:\/\/adrenalinekey.se\/en\/wp-json\/wp\/v2\/types\/page"}],"author":[{"embeddable":true,"href":"https:\/\/adrenalinekey.se\/en\/wp-json\/wp\/v2\/users\/1"}],"replies":[{"embeddable":true,"href":"https:\/\/adrenalinekey.se\/en\/wp-json\/wp\/v2\/comments?post=1324"}],"version-history":[{"count":19,"href":"https:\/\/adrenalinekey.se\/en\/wp-json\/wp\/v2\/pages\/1324\/revisions"}],"predecessor-version":[{"id":1654,"href":"https:\/\/adrenalinekey.se\/en\/wp-json\/wp\/v2\/pages\/1324\/revisions\/1654"}],"wp:featuredmedia":[{"embeddable":true,"href":"https:\/\/adrenalinekey.se\/en\/wp-json\/wp\/v2\/media\/1162"}],"wp:attachment":[{"href":"https:\/\/adrenalinekey.se\/en\/wp-json\/wp\/v2\/media?parent=1324"}],"curies":[{"name":"wp","href":"https:\/\/api.w.org\/{rel}","templated":true}]}}