{"id":1307,"date":"2017-03-08T11:15:32","date_gmt":"2017-03-08T11:15:32","guid":{"rendered":"http:\/\/adrenalinekey.se\/?page_id=1307"},"modified":"2019-08-13T08:41:32","modified_gmt":"2019-08-13T08:41:32","slug":"adrenalineduken","status":"publish","type":"page","link":"https:\/\/adrenalinekey.se\/en\/adrenalineduken\/","title":{"rendered":"AdrenalineDuken"},"content":{"rendered":"<div id=\"pl-1307\"  class=\"panel-layout\" ><div id=\"pg-1307-0\"  class=\"panel-grid panel-no-style\" ><div id=\"pgc-1307-0-0\"  class=\"panel-grid-cell\" ><div id=\"panel-1307-0-0-0\" class=\"so-panel widget widget_sow-editor panel-first-child panel-last-child\" data-index=\"0\" ><div class=\"so-widget-sow-editor so-widget-sow-editor-base\"><h3 class=\"widget-title\">G\u00f6r centrala budskap konkreta och meningsfulla!<\/h3>\n<div class=\"siteorigin-widget-tinymce textwidget\">\n\t<p>V\u00e5rt centrala dialogverktyg \u00e4r ett dubbelsidigt specialdesignat pappersark som m\u00e4ter ca 60\u00d790 cm, med ett stort antal uppgifter strukturerade i ett pedagogiskt fl\u00f6de. Allt p\u00e5 AdrenalineDuken \u00e4r specialutvecklat efter din organisations behov och grafiska profil.<\/p>\n<p>AdrenalineDuken faciliteras alltid av nyckelpersoner fr\u00e5n den egna organisationen. Dessa tr\u00e4nas f\u00f6r att kunna skapa en rolig, involverande process som motiverar, inspirerar och engagerar medarbetarna. AdrenalineDuken \u00f6kar beh\u00e5llningen av centrala budskap, skapar f\u00f6rst\u00e5else och mening p\u00e5 ett djupare plan, vilket g\u00f6r det m\u00f6jligt f\u00f6r enskilda medarbetare att prioritera b\u00e4ttre och d\u00e4rmed bidra till det som organisationen b\u00e4st beh\u00f6ver.<\/p>\n<p>AdrenalineDuken kompletteras med olika st\u00f6dverktyg s\u00e5som handlingsplaner, informationsfoldrar, filmer, v\u00e4gledarguider m.m.<\/p>\n<h4>Boktips:<\/h4>\n<p><a href=\"https:\/\/i0.wp.com\/media.adrenalinekey.se\/2017\/03\/kunskapsintegration.png\"><img data-attachment-id=\"1394\" data-permalink=\"https:\/\/adrenalinekey.se\/en\/adrenalineduken\/kunskapsintegration\/\" data-orig-file=\"https:\/\/i0.wp.com\/media.adrenalinekey.se\/2017\/03\/kunskapsintegration.png?fit=400%2C406&amp;ssl=1\" data-orig-size=\"400,406\" data-comments-opened=\"1\" data-image-meta=\"{&quot;aperture&quot;:&quot;0&quot;,&quot;credit&quot;:&quot;&quot;,&quot;camera&quot;:&quot;&quot;,&quot;caption&quot;:&quot;&quot;,&quot;created_timestamp&quot;:&quot;0&quot;,&quot;copyright&quot;:&quot;&quot;,&quot;focal_length&quot;:&quot;0&quot;,&quot;iso&quot;:&quot;0&quot;,&quot;shutter_speed&quot;:&quot;0&quot;,&quot;title&quot;:&quot;&quot;,&quot;orientation&quot;:&quot;0&quot;}\" data-image-title=\"kunskapsintegration\" data-image-description=\"\" data-image-caption=\"&lt;p&gt;Kunskapsintegration. Studentlitteratur. &lt;\/p&gt;\n\" data-large-file=\"https:\/\/i0.wp.com\/media.adrenalinekey.se\/2017\/03\/kunskapsintegration.png?fit=400%2C406&amp;ssl=1\" data-recalc-dims=\"1\" loading=\"lazy\" decoding=\"async\" class=\"wp-image-1394 alignleft\" src=\"https:\/\/i0.wp.com\/media.adrenalinekey.se\/2017\/03\/kunskapsintegration.png?resize=193%2C196\" alt=\"Kunskapsintegration. Studentlitteratur. \" width=\"193\" height=\"196\" srcset=\"https:\/\/i0.wp.com\/media.adrenalinekey.se\/2017\/03\/kunskapsintegration.png?resize=296%2C300&amp;ssl=1 296w, https:\/\/i0.wp.com\/media.adrenalinekey.se\/2017\/03\/kunskapsintegration.png?w=400&amp;ssl=1 400w\" sizes=\"auto, (max-width: 193px) 100vw, 193px\" \/><\/a><\/p>\n<p><a href=\"https:\/\/www.studentlitteratur.se\/#9789144088440\/Kunskapsintegration\"><strong>Kunskapsintegration<\/strong><\/a><i>\u00a0\u2013\u00a0Om kollektivt intelligens i organisationer <\/i>av Philip Runsten och Andreas Werr, Studentlitteratur\u00a0<\/p>\n<\/div>\n<\/div><\/div><\/div><div id=\"pgc-1307-0-1\"  class=\"panel-grid-cell\" ><div id=\"panel-1307-0-1-0\" class=\"so-panel widget widget_sow-image panel-first-child panel-last-child\" data-index=\"1\" ><div class=\"so-widget-sow-image so-widget-sow-image-default-d6014b76747a-1307\">\n\n<div class=\"sow-image-container\">\n\t\t<img decoding=\"async\" src=\"https:\/\/i0.wp.com\/media.adrenalinekey.se\/2017\/03\/IMG_0104-web.jpg?fit=500%2C581&amp;ssl=1\" width=\"500\" height=\"581\" srcset=\"https:\/\/i0.wp.com\/media.adrenalinekey.se\/2017\/03\/IMG_0104-web.jpg?w=500&amp;ssl=1 500w, https:\/\/i0.wp.com\/media.adrenalinekey.se\/2017\/03\/IMG_0104-web.jpg?resize=258%2C300&amp;ssl=1 258w\" alt=\"\" loading=\"lazy\" \t\tclass=\"so-widget-image\"\/>\n\t<\/div>\n\n<\/div><\/div><\/div><\/div><div id=\"pg-1307-1\"  class=\"panel-grid panel-no-style\" ><div id=\"pgc-1307-1-0\"  class=\"panel-grid-cell\" ><div id=\"panel-1307-1-0-0\" class=\"widget_text so-panel widget widget_custom_html panel-first-child panel-last-child\" data-index=\"2\" ><div class=\"textwidget custom-html-widget\"><div id=\"flipbox-widget-1513\" class=\"cfb_wrapper layout-4 flex-row\" data-flipboxid=\"flipbox-widget-1513\" data-bootstrap-status=\"enable\" data-fontawesome-icons=\"enable\"><div class=\"flex-col-md-4 cfb-box-1 cfb-box-wrapper\">\n                                <div class=\"flipbox-container cfb-layout-4 cfb-flip cfb-hover\" data-effect=\"y\" data-height=\"equal\">\n                                  <div class=\"flipbox-front-layout cfb-data\">\n                                    <div class=\"flipbox-image-content\">\n                                      <div class=\"flipbox-image-top\"><img data-recalc-dims=\"1\" decoding=\"async\" src=\"https:\/\/i0.wp.com\/media.adrenalinekey.se\/2019\/08\/adrenallineduken-16-9_web.jpg?w=590\" alt=\"\" \/><\/div>\n                                      <div class=\"flipbox-img-content\">\n                                        <h5 style=\"color:#e25151\">AdrenalineDuken\u2122<\/h5>\n                                      <\/div>\n                                    <\/div>\n                                    <\/div>\n                                  <div class=\"flipbox-back-layout cfb-data\" style=\"background-color:#e25151\">\n                                    <p>G\u00f6r centrala budskap konkreta och meningsfulla!\r\n<\/p><a target=\"_self\" href=\"http:\/\/adrenalinekey.se\/adrenalineduken\/\"  class=\"back-layout-btn\" style=\"color:#e25151\">L\u00e4s mer!<\/a><\/div>\n                                <\/div>\n                              <\/div><div class=\"flex-col-md-4 cfb-box-2 cfb-box-wrapper\">\n                                <div class=\"flipbox-container cfb-layout-4 cfb-flip cfb-hover\" data-effect=\"y\" data-height=\"equal\">\n                                  <div class=\"flipbox-front-layout cfb-data\">\n                                    <div class=\"flipbox-image-content\">\n                                      <div class=\"flipbox-image-top\"><img data-recalc-dims=\"1\" decoding=\"async\" src=\"https:\/\/i0.wp.com\/media.adrenalinekey.se\/2019\/08\/ledarduken_16-9_web.jpg?w=590\" alt=\"\" \/><\/div>\n                                      <div class=\"flipbox-img-content\">\n                                        <h5 style=\"color:#dfa42d\">LedarDuken\u2122<\/h5>\n                                      <\/div>\n                                    <\/div>\n                                    <\/div>\n                                  <div class=\"flipbox-back-layout cfb-data\" style=\"background-color:#dfa42d\">\n                                    <p>Skapa h\u00e5llbara resultat genom kommunikativa ledare!<\/p><a target=\"_self\" href=\"http:\/\/adrenalinekey.se\/ledarduken\/\"  class=\"back-layout-btn\" style=\"color:#dfa42d\">L\u00e4s mer!<\/a><\/div>\n                                <\/div>\n                              <\/div><div class=\"flex-col-md-4 cfb-box-3 cfb-box-wrapper\">\n                                <div class=\"flipbox-container cfb-layout-4 cfb-flip cfb-hover\" data-effect=\"y\" data-height=\"equal\">\n                                  <div class=\"flipbox-front-layout cfb-data\">\n                                    <div class=\"flipbox-image-content\">\n                                      <div class=\"flipbox-image-top\"><img data-recalc-dims=\"1\" decoding=\"async\" src=\"https:\/\/i0.wp.com\/media.adrenalinekey.se\/2019\/08\/teamduken-16-9_web.jpg?w=590\" alt=\"\" \/><\/div>\n                                      <div class=\"flipbox-img-content\">\n                                        <h5 style=\"color:#50ba7e\">TeamDuken\u2122<\/h5>\n                                      <\/div>\n                                    <\/div>\n                                    <\/div>\n                                  <div class=\"flipbox-back-layout cfb-data\" style=\"background-color:#50ba7e\">\n                                    <p>Utveckla samsyn och effektivitet i team!<\/p><a target=\"_self\" href=\"http:\/\/adrenalinekey.se\/teamduken\/\"  class=\"back-layout-btn\" style=\"color:#50ba7e\">L\u00e4s mer!<\/a><\/div>\n                                <\/div>\n                              <\/div><div class=\"flex-col-md-4 cfb-box-4 cfb-box-wrapper\">\n                                <div class=\"flipbox-container cfb-layout-4 cfb-flip cfb-hover\" data-effect=\"y\" data-height=\"equal\">\n                                  <div class=\"flipbox-front-layout cfb-data\">\n                                    <div class=\"flipbox-image-content\">\n                                      <div class=\"flipbox-image-top\"><img data-recalc-dims=\"1\" decoding=\"async\" src=\"https:\/\/i0.wp.com\/media.adrenalinekey.se\/2019\/08\/groupmat_16-9_web.jpg?w=590\" alt=\"\" \/><\/div>\n                                      <div class=\"flipbox-img-content\">\n                                        <h5 style=\"color:#006a91\">GroupMat\u2122<\/h5>\n                                      <\/div>\n                                    <\/div>\n                                    <\/div>\n                                  <div class=\"flipbox-back-layout cfb-data\" style=\"background-color:#006a91\">\n                                    <p>St\u00e4rk den akademiska arbetsgruppens samh\u00f6righet och trivsel!<\/p><a target=\"_self\" href=\"http:\/\/adrenalinekey.se\/groupmat\/\"  class=\"back-layout-btn\" style=\"color:#006a91\">L\u00e4s mer!<\/a><\/div>\n                                <\/div>\n                              <\/div><div class=\"flex-col-md-4 cfb-box-5 cfb-box-wrapper\">\n                                <div class=\"flipbox-container cfb-layout-4 cfb-flip cfb-hover\" data-effect=\"y\" data-height=\"equal\">\n                                  <div class=\"flipbox-front-layout cfb-data\">\n                                    <div class=\"flipbox-image-content\">\n                                      <div class=\"flipbox-image-top\"><img data-recalc-dims=\"1\" decoding=\"async\" src=\"https:\/\/i0.wp.com\/media.adrenalinekey.se\/2019\/08\/TILLITSDUKEN-16-9_web.jpg?w=590\" alt=\"\" \/><\/div>\n                                      <div class=\"flipbox-img-content\">\n                                        <h5 style=\"color:#474975\">TillitsDuken\u2122<\/h5>\n                                      <\/div>\n                                    <\/div>\n                                    <\/div>\n                                  <div class=\"flipbox-back-layout cfb-data\" style=\"background-color:#474975\">\n                                    <p>Utveckla det tillitsbaserade ledarskapet!\r\n<\/p><a target=\"_self\" href=\"http:\/\/adrenalinekey.se\/tillitsduken\/\"  class=\"back-layout-btn\" style=\"color:#474975\">L\u00e4s mer!<\/a><\/div>\n                                <\/div>\n                              <\/div><div class=\"flex-col-md-4 cfb-box-6 cfb-box-wrapper\">\n                                <div class=\"flipbox-container cfb-layout-4 cfb-flip cfb-hover\" data-effect=\"y\" data-height=\"equal\">\n                                  <div class=\"flipbox-front-layout cfb-data\">\n                                    <div class=\"flipbox-image-content\">\n                                      <div class=\"flipbox-image-top\"><img data-recalc-dims=\"1\" decoding=\"async\" src=\"https:\/\/i0.wp.com\/media.adrenalinekey.se\/2019\/08\/M-duken_16-9_web.jpg?w=590\" alt=\"\" \/><\/div>\n                                      <div class=\"flipbox-img-content\">\n                                        <h5 style=\"color:#642762\">MedarbetarDialogen\u2122<\/h5>\n                                      <\/div>\n                                    <\/div>\n                                    <\/div>\n                                  <div class=\"flipbox-back-layout cfb-data\" style=\"background-color:#642762\">\n                                    <p>Stimulera till ett mer aktivt medarbetaransvar!<\/p><a target=\"_self\" href=\"http:\/\/adrenalinekey.se\/medarbetardialogen\/\"  class=\"back-layout-btn\" style=\"color:#642762\">L\u00e4s mer!<\/a><\/div>\n                                <\/div>\n                              <\/div><\/div><\/div><\/div><\/div><\/div><\/div>","protected":false},"excerpt":{"rendered":"<p>V\u00e5rt centrala dialogverktyg \u00e4r ett dubbelsidigt specialdesignat pappersark som m\u00e4ter ca 60\u00d790 cm, med ett stort antal uppgifter strukturerade i ett pedagogiskt fl\u00f6de. Allt p\u00e5 AdrenalineDuken \u00e4r specialutvecklat efter din organisations behov och grafiska profil.AdrenalineDuken faciliteras alltid av nyckelpersoner fr\u00e5n den egna organisationen. Dessa tr\u00e4nas f\u00f6r att kunna skapa en rolig, involverande process som motiverar, [&hellip;]<\/p>\n","protected":false},"author":1,"featured_media":1344,"parent":0,"menu_order":0,"comment_status":"closed","ping_status":"closed","template":"template_fullwidth.php","meta":{"jetpack_post_was_ever_published":false,"footnotes":""},"class_list":["post-1307","page","type-page","status-publish","has-post-thumbnail","hentry"],"jetpack_sharing_enabled":true,"jetpack_shortlink":"https:\/\/wp.me\/P8oGWQ-l5","jetpack-related-posts":[{"id":1327,"url":"https:\/\/adrenalinekey.se\/en\/reflektduken\/","url_meta":{"origin":1307,"position":0},"title":"ReflektDuken","author":"Mike","date":"Wednesday March  8th, 2017","format":false,"excerpt":"\u00d6ka reflektion och beh\u00e5llning p\u00e5 konferensen! ReflekDuken f\u00f6rnyar samt \u00f6kar interaktiviteten och beh\u00e5llningen i m\u00f6ten som pr\u00e4glas av m\u00e5nga presentationer. Utifr\u00e5n din organisations speciella behov hj\u00e4lper detta anpassade dialogmaterial till att f\u00f6rst\u00e4rka den r\u00f6da tr\u00e5den mellan de olika inl\u00e4ggen samt skapa ett \u00f6kat fokus p\u00e5 varje inl\u00e4ggs absoluta nyckelbudskap. Kortare\u2026","rel":"","context":"Similar post","block_context":{"text":"Similar post","link":""},"img":{"alt_text":"","src":"https:\/\/i0.wp.com\/media.adrenalinekey.se\/2011\/10\/IMG_8165_small.jpg?fit=600%2C402&ssl=1&resize=350%2C200","width":350,"height":200,"srcset":"https:\/\/i0.wp.com\/media.adrenalinekey.se\/2011\/10\/IMG_8165_small.jpg?fit=600%2C402&ssl=1&resize=350%2C200 1x, https:\/\/i0.wp.com\/media.adrenalinekey.se\/2011\/10\/IMG_8165_small.jpg?fit=600%2C402&ssl=1&resize=525%2C300 1.5x"},"classes":[]},{"id":192,"url":"https:\/\/adrenalinekey.se\/en\/home\/","url_meta":{"origin":1307,"position":1},"title":"Hem","author":"Admin","date":"Thursday November 10th, 2011","format":false,"excerpt":"Vi bygger kollektiv intelligens utifr\u00e5n organisationens behov och varje medarbetares unika kompetens 1 Tillvarata all tillg\u00e4nglig kunskap i organisationen och \u00f6ka m\u00f6jligheterna att hantera organisationens utmaningar! CategoriesEnkel implementering av viktiga budskap ADRENALINEduken Enkel implementering av viktiga budskap LEDARduken Enkel implementering av viktiga budskap TEAMduken Enkel implementering av viktiga budskap REFLEKTduken\u2026","rel":"","context":"Similar post","block_context":{"text":"Similar post","link":""},"img":{"alt_text":"","src":"","width":0,"height":0},"classes":[]},{"id":803,"url":"https:\/\/adrenalinekey.se\/en\/vart-erbjudande\/","url_meta":{"origin":1307,"position":2},"title":"V\u00e5rt erbjudande","author":"Admin","date":"Wednesday May 29th, 2013","format":false,"excerpt":"Adrenalineduken\u2122 Enkel implementering av viktiga budskap Ett av v\u00e5ra centrala pedagogiska verktyg kallar vi f\u00f6r Adrenalineduken. Det \u00e4r ett dubbelsidigt specialdesignat pappersark som m\u00e4ter 70x100 cm, med ett stort antal uppgifter strukturerade i ett pedagogiskt fl\u00f6de. Allt p\u00e5 Adrenalineduken \u00e4r specialutvecklat efter din organisations behov och grafiska profil. Adrenalineduken faciliteras\u2026","rel":"","context":"Similar post","block_context":{"text":"Similar post","link":""},"img":{"alt_text":"AdrenalineKey, Telia duksession","src":"https:\/\/i0.wp.com\/media.adrenalinekey.se\/2011\/11\/IMG_8101.jpg?fit=1000%2C667&ssl=1&resize=350%2C200","width":350,"height":200,"srcset":"https:\/\/i0.wp.com\/media.adrenalinekey.se\/2011\/11\/IMG_8101.jpg?fit=1000%2C667&ssl=1&resize=350%2C200 1x, https:\/\/i0.wp.com\/media.adrenalinekey.se\/2011\/11\/IMG_8101.jpg?fit=1000%2C667&ssl=1&resize=525%2C300 1.5x, https:\/\/i0.wp.com\/media.adrenalinekey.se\/2011\/11\/IMG_8101.jpg?fit=1000%2C667&ssl=1&resize=700%2C400 2x"},"classes":[]},{"id":1245,"url":"https:\/\/adrenalinekey.se\/en\/metodik\/","url_meta":{"origin":1307,"position":3},"title":"Metodik","author":"Mike","date":"Monday March  6th, 2017","format":false,"excerpt":"Nyckeln \u00e4r dialog F\u00e4rre och f\u00e4rre jobb kan idag l\u00f6sas individuellt. Den moderna organisationens framg\u00e5ng bygger i stor utstr\u00e4ckning p\u00e5 ledarnas f\u00f6rm\u00e5ga att kommunicera och medarbetarnas samarbetsskicklighet. Nyckeln \u00e4r dialog! Utifr\u00e5n teorin om hur vuxna l\u00e4r nytt, Andragogik, kan vi konkretisera centrala budskap s\u00e5 att de blir b\u00e5de f\u00f6rst\u00e5eliga, meningsfulla\u2026","rel":"","context":"Similar post","block_context":{"text":"Similar post","link":""},"img":{"alt_text":"","src":"https:\/\/i0.wp.com\/media.adrenalinekey.se\/2011\/10\/IMG_8165_small.jpg?fit=600%2C402&ssl=1&resize=350%2C200","width":350,"height":200,"srcset":"https:\/\/i0.wp.com\/media.adrenalinekey.se\/2011\/10\/IMG_8165_small.jpg?fit=600%2C402&ssl=1&resize=350%2C200 1x, https:\/\/i0.wp.com\/media.adrenalinekey.se\/2011\/10\/IMG_8165_small.jpg?fit=600%2C402&ssl=1&resize=525%2C300 1.5x"},"classes":[]},{"id":1528,"url":"https:\/\/adrenalinekey.se\/en\/medarbetardialogen\/","url_meta":{"origin":1307,"position":4},"title":"MEDARBETARdialogen","author":"Mike","date":"Monday August 12th, 2019","format":false,"excerpt":"Stimulera till ett mer aktivt medarbetaransvar! Ett aktivt medarbetarskap som k\u00e4nnetecknas av dialog, \u00f6ppenhet, tillit, delaktighet, ansvars- och initiativtagande och engagemang st\u00e4rker och utvecklar organisationen. MedarbetarDialogen \u00e4r utvecklad och anpassad f\u00f6r arbetsgrupper inom den offentliga sektorn. Arbetsmaterialet inneh\u00e5ller 5 olika fr\u00e5geomr\u00e5den med tillh\u00f6rande \u201dcase\u201d\/situationer samt handlingsplaner p\u00e5 olika niv\u00e5er. M-dialogen\u2026","rel":"","context":"Similar post","block_context":{"text":"Similar post","link":""},"img":{"alt_text":"","src":"https:\/\/i0.wp.com\/media.adrenalinekey.se\/2011\/11\/MG_8067web.jpg?fit=1200%2C720&ssl=1&resize=350%2C200","width":350,"height":200,"srcset":"https:\/\/i0.wp.com\/media.adrenalinekey.se\/2011\/11\/MG_8067web.jpg?fit=1200%2C720&ssl=1&resize=350%2C200 1x, https:\/\/i0.wp.com\/media.adrenalinekey.se\/2011\/11\/MG_8067web.jpg?fit=1200%2C720&ssl=1&resize=525%2C300 1.5x, https:\/\/i0.wp.com\/media.adrenalinekey.se\/2011\/11\/MG_8067web.jpg?fit=1200%2C720&ssl=1&resize=700%2C400 2x, https:\/\/i0.wp.com\/media.adrenalinekey.se\/2011\/11\/MG_8067web.jpg?fit=1200%2C720&ssl=1&resize=1050%2C600 3x"},"classes":[]},{"id":38,"url":"https:\/\/adrenalinekey.se\/en\/uppdrag\/","url_meta":{"origin":1307,"position":5},"title":"Uppdrag","author":"Admin","date":"Friday October 21st, 2011","format":false,"excerpt":"One SiriusPoint SiriusPoint \u00e4r en global underwriter av f\u00f6rs\u00e4kring och \u00e5terf\u00f6rs\u00e4kring som tillhandah\u00e5ller l\u00f6sningar till kunder och m\u00e4klare runt om i v\u00e4rlden. \u00a0I och med sammanslagningen av Sirius Group och Third Point Re och med medarbetare p\u00e5 kontor runt om i v\u00e4rlden gjordes en satsning f\u00f6r att st\u00e4rka och utveckla\u2026","rel":"","context":"Similar post","block_context":{"text":"Similar post","link":""},"img":{"alt_text":"Adrenalineduk","src":"https:\/\/i0.wp.com\/media.adrenalinekey.se\/2017\/03\/IMG_0015.jpg?fit=1200%2C800&ssl=1&resize=350%2C200","width":350,"height":200,"srcset":"https:\/\/i0.wp.com\/media.adrenalinekey.se\/2017\/03\/IMG_0015.jpg?fit=1200%2C800&ssl=1&resize=350%2C200 1x, https:\/\/i0.wp.com\/media.adrenalinekey.se\/2017\/03\/IMG_0015.jpg?fit=1200%2C800&ssl=1&resize=525%2C300 1.5x, https:\/\/i0.wp.com\/media.adrenalinekey.se\/2017\/03\/IMG_0015.jpg?fit=1200%2C800&ssl=1&resize=700%2C400 2x, https:\/\/i0.wp.com\/media.adrenalinekey.se\/2017\/03\/IMG_0015.jpg?fit=1200%2C800&ssl=1&resize=1050%2C600 3x"},"classes":[]}],"_links":{"self":[{"href":"https:\/\/adrenalinekey.se\/en\/wp-json\/wp\/v2\/pages\/1307","targetHints":{"allow":["GET"]}}],"collection":[{"href":"https:\/\/adrenalinekey.se\/en\/wp-json\/wp\/v2\/pages"}],"about":[{"href":"https:\/\/adrenalinekey.se\/en\/wp-json\/wp\/v2\/types\/page"}],"author":[{"embeddable":true,"href":"https:\/\/adrenalinekey.se\/en\/wp-json\/wp\/v2\/users\/1"}],"replies":[{"embeddable":true,"href":"https:\/\/adrenalinekey.se\/en\/wp-json\/wp\/v2\/comments?post=1307"}],"version-history":[{"count":23,"href":"https:\/\/adrenalinekey.se\/en\/wp-json\/wp\/v2\/pages\/1307\/revisions"}],"predecessor-version":[{"id":1536,"href":"https:\/\/adrenalinekey.se\/en\/wp-json\/wp\/v2\/pages\/1307\/revisions\/1536"}],"wp:featuredmedia":[{"embeddable":true,"href":"https:\/\/adrenalinekey.se\/en\/wp-json\/wp\/v2\/media\/1344"}],"wp:attachment":[{"href":"https:\/\/adrenalinekey.se\/en\/wp-json\/wp\/v2\/media?parent=1307"}],"curies":[{"name":"wp","href":"https:\/\/api.w.org\/{rel}","templated":true}]}}