{"id":1045,"date":"2015-09-03T23:59:00","date_gmt":"2015-09-03T22:59:00","guid":{"rendered":"http:\/\/adrenalinekey.se\/?page_id=1045"},"modified":"2015-09-03T23:59:00","modified_gmt":"2015-09-03T22:59:00","slug":"cloetta-ld","status":"publish","type":"page","link":"https:\/\/adrenalinekey.se\/en\/cloetta-ld\/","title":{"rendered":"CloettaLD"},"content":{"rendered":"","protected":true},"excerpt":{"rendered":"","protected":true},"author":2,"featured_media":0,"parent":0,"menu_order":0,"comment_status":"closed","ping_status":"closed","template":"","meta":{"jetpack_post_was_ever_published":false,"footnotes":""},"class_list":["post-1045","page","type-page","status-publish","post-password-required","hentry"],"jetpack_sharing_enabled":true,"jetpack_shortlink":"https:\/\/wp.me\/P8oGWQ-gR","jetpack-related-posts":[{"id":803,"url":"https:\/\/adrenalinekey.se\/en\/vart-erbjudande\/","url_meta":{"origin":1045,"position":0},"title":"V\u00e5rt erbjudande","author":"Admin","date":"Wednesday May 29th, 2013","format":false,"excerpt":"Adrenalineduken\u2122 Enkel implementering av viktiga budskap Ett av v\u00e5ra centrala pedagogiska verktyg kallar vi f\u00f6r Adrenalineduken. Det \u00e4r ett dubbelsidigt specialdesignat pappersark som m\u00e4ter 70x100 cm, med ett stort antal uppgifter strukturerade i ett pedagogiskt fl\u00f6de. Allt p\u00e5 Adrenalineduken \u00e4r specialutvecklat efter din organisations behov och grafiska profil. Adrenalineduken faciliteras\u2026","rel":"","context":"Similar post","block_context":{"text":"Similar post","link":""},"img":{"alt_text":"AdrenalineKey, Telia duksession","src":"https:\/\/i0.wp.com\/media.adrenalinekey.se\/2011\/11\/IMG_8101.jpg?fit=1000%2C667&ssl=1&resize=350%2C200","width":350,"height":200,"srcset":"https:\/\/i0.wp.com\/media.adrenalinekey.se\/2011\/11\/IMG_8101.jpg?fit=1000%2C667&ssl=1&resize=350%2C200 1x, https:\/\/i0.wp.com\/media.adrenalinekey.se\/2011\/11\/IMG_8101.jpg?fit=1000%2C667&ssl=1&resize=525%2C300 1.5x, https:\/\/i0.wp.com\/media.adrenalinekey.se\/2011\/11\/IMG_8101.jpg?fit=1000%2C667&ssl=1&resize=700%2C400 2x"},"classes":[]},{"id":36,"url":"https:\/\/adrenalinekey.se\/en\/om-oss\/","url_meta":{"origin":1045,"position":1},"title":"V\u00e5r filosofi","author":"Admin","date":"Friday October 21st, 2011","format":false,"excerpt":"Et adrenalinkick I mere end 6 \u00e5r har vi arbejdet sammen med talrige forskellige organisationer. I denne periode er vi blevet mere og mere overbeviste om, at vores metodik og proces giver de afg\u00f8rende adrenalinkick, som er n\u00f8dvendige for udvikling. Vi br\u00e6nder for metodikken og den bagvedliggende tro p\u00e5, at\u2026","rel":"","context":"Similar post","block_context":{"text":"Similar post","link":""},"img":{"alt_text":"","src":"https:\/\/i0.wp.com\/media.adrenalinekey.se\/2011\/10\/DSC_6531_2.jpg?fit=862%2C571&ssl=1&resize=350%2C200","width":350,"height":200,"srcset":"https:\/\/i0.wp.com\/media.adrenalinekey.se\/2011\/10\/DSC_6531_2.jpg?fit=862%2C571&ssl=1&resize=350%2C200 1x, https:\/\/i0.wp.com\/media.adrenalinekey.se\/2011\/10\/DSC_6531_2.jpg?fit=862%2C571&ssl=1&resize=525%2C300 1.5x, https:\/\/i0.wp.com\/media.adrenalinekey.se\/2011\/10\/DSC_6531_2.jpg?fit=862%2C571&ssl=1&resize=700%2C400 2x"},"classes":[]}],"_links":{"self":[{"href":"https:\/\/adrenalinekey.se\/en\/wp-json\/wp\/v2\/pages\/1045","targetHints":{"allow":["GET"]}}],"collection":[{"href":"https:\/\/adrenalinekey.se\/en\/wp-json\/wp\/v2\/pages"}],"about":[{"href":"https:\/\/adrenalinekey.se\/en\/wp-json\/wp\/v2\/types\/page"}],"author":[{"embeddable":true,"href":"https:\/\/adrenalinekey.se\/en\/wp-json\/wp\/v2\/users\/2"}],"replies":[{"embeddable":true,"href":"https:\/\/adrenalinekey.se\/en\/wp-json\/wp\/v2\/comments?post=1045"}],"version-history":[{"count":0,"href":"https:\/\/adrenalinekey.se\/en\/wp-json\/wp\/v2\/pages\/1045\/revisions"}],"wp:attachment":[{"href":"https:\/\/adrenalinekey.se\/en\/wp-json\/wp\/v2\/media?parent=1045"}],"curies":[{"name":"wp","href":"https:\/\/api.w.org\/{rel}","templated":true}]}}